{"id":244,"date":"2013-07-09T12:41:08","date_gmt":"2013-07-09T12:41:08","guid":{"rendered":"https:\/\/hsmeraldo.clienti4.editatest.com\/home-2\/"},"modified":"2021-02-13T11:57:00","modified_gmt":"2021-02-13T10:57:00","slug":"home","status":"publish","type":"page","link":"https:\/\/hsmeraldo.clienti4.editatest.com\/de\/","title":{"rendered":"IHR ERLEBNIS IN CESENATICO BEGINNT HIER"},"content":{"rendered":"<p><span style=\"font-size: 14pt\"><strong>Willkommen im Hotel Smeraldo<\/strong><\/span><\/p>\n<p>Es liegt in Valverde bei Cesenatico, wenige Schritte vom Strand entfernt und ist eine gute Wahl f\u00fcr Reisende, die an einem Aufenthalt an der Meeresk\u00fcste interessiert sind.<\/p>\n<p>Eine <strong>4-Sterne<\/strong> Einrichtung mit einem einzigartigen Restaurant der Umgebung, <strong>dem Front Cooking<\/strong>:<br \/>\nreiche Auswahl an ersten- und zweiten Gerichten, Beilagen, Gem\u00fcse, Obst und Desserts, die alle strengstens mit hochwertigen Rohstoffen zubereitet werden.<\/p>\n<p>Das Hotel verf\u00fcgt auch \u00fcber ein exklusives <strong>Relaxzentrum &#8222;Smeraldo&#8220;<\/strong>, nur 50m vom Hotel entfernt, mit gro\u00dfem beheiztem Schwimmbad und Hydromassage, um Momente der Erholung und Vergn\u00fcgung f\u00fcr die ganze Familie zu bieten.<\/p>\n<p>Bl\u00e4ttern Sie durch die Seiten und entdecken Sie das Sch\u00f6ne eines Urlaubs im Hotel Smeraldo!<\/p>\n\n\t\t<style type='text\/css'>\n\t\t\t#gallery-1 {\n\t\t\t\tmargin: auto;\n\t\t\t}\n\t\t\t#gallery-1 .gallery-item {\n\t\t\t\tfloat: left;\n\t\t\t\tmargin-top: 10px;\n\t\t\t\ttext-align: center;\n\t\t\t\twidth: 50%;\n\t\t\t}\n\t\t\t#gallery-1 img {\n\t\t\t\tborder: 2px solid #cfcfcf;\n\t\t\t}\n\t\t\t#gallery-1 .gallery-caption {\n\t\t\t\tmargin-left: 0;\n\t\t\t}\n\t\t\t\/* see gallery_shortcode() in wp-includes\/media.php *\/\n\t\t<\/style>\n\t\t<div id='gallery-1' class='gallery galleryid-2 gallery-columns-2 gallery-size-thumbnail'><dl class='gallery-item'>\n\t\t\t<dt class='gallery-icon landscape'>\n\t\t\t\t<a href='https:\/\/hsmeraldo.clienti4.editatest.com\/wp-content\/uploads\/2014\/04\/frontoffice.jpg' data-size=\"2000x1080\"><img width=\"360\" height=\"270\" src=\"https:\/\/hsmeraldo.clienti4.editatest.com\/wp-content\/uploads\/2014\/04\/frontoffice-360x270.jpg\" class=\"attachment-thumbnail size-thumbnail\" alt=\"Hotel Smeraldo Cesenatico Recenption Staff\" loading=\"lazy\" \/><\/a>\n\t\t\t<\/dt><\/dl><dl class='gallery-item'>\n\t\t\t<dt class='gallery-icon landscape'>\n\t\t\t\t<a href='https:\/\/hsmeraldo.clienti4.editatest.com\/wp-content\/uploads\/2018\/03\/IMG_6717.jpg' data-size=\"2500x1670\"><img width=\"360\" height=\"270\" src=\"https:\/\/hsmeraldo.clienti4.editatest.com\/wp-content\/uploads\/2018\/03\/IMG_6717-360x270.jpg\" class=\"attachment-thumbnail size-thumbnail\" alt=\"Hotel Smeraldo Cesenatico piscina\" loading=\"lazy\" \/><\/a>\n\t\t\t<\/dt><\/dl><br style=\"clear: both\" \/>\n\t\t<\/div>\n\n","protected":false},"excerpt":{"rendered":"<p>Willkommen im Hotel Smeraldo Es liegt in Valverde bei Cesenatico, wenige Schritte vom Strand entfernt und ist eine gute Wahl f\u00fcr Reisende, die an einem Aufenthalt an der Meeresk\u00fcste interessiert sind. Eine 4-Sterne Einrichtung mit einem einzigartigen Restaurant der Umgebung, dem Front Cooking: reiche Auswahl an ersten- und zweiten Gerichten, Beilagen, Gem\u00fcse, Obst und Desserts, [&hellip;]<\/p>\n","protected":false},"author":4,"featured_media":0,"parent":0,"menu_order":3,"comment_status":"closed","ping_status":"closed","template":"","meta":[],"acf":[],"_links":{"self":[{"href":"https:\/\/hsmeraldo.clienti4.editatest.com\/de\/wp-json\/wp\/v2\/pages\/244"}],"collection":[{"href":"https:\/\/hsmeraldo.clienti4.editatest.com\/de\/wp-json\/wp\/v2\/pages"}],"about":[{"href":"https:\/\/hsmeraldo.clienti4.editatest.com\/de\/wp-json\/wp\/v2\/types\/page"}],"author":[{"embeddable":true,"href":"https:\/\/hsmeraldo.clienti4.editatest.com\/de\/wp-json\/wp\/v2\/users\/4"}],"replies":[{"embeddable":true,"href":"https:\/\/hsmeraldo.clienti4.editatest.com\/de\/wp-json\/wp\/v2\/comments?post=244"}],"version-history":[{"count":0,"href":"https:\/\/hsmeraldo.clienti4.editatest.com\/de\/wp-json\/wp\/v2\/pages\/244\/revisions"}],"wp:attachment":[{"href":"https:\/\/hsmeraldo.clienti4.editatest.com\/de\/wp-json\/wp\/v2\/media?parent=244"}],"curies":[{"name":"wp","href":"https:\/\/api.w.org\/{rel}","templated":true}]}}