{"id":248,"date":"2015-03-30T13:52:13","date_gmt":"2015-03-30T11:52:13","guid":{"rendered":"https:\/\/hsmeraldo.clienti4.editatest.com\/hotel-animazione-cesenatico-2\/"},"modified":"2021-02-13T12:29:19","modified_gmt":"2021-02-13T11:29:19","slug":"hotel-animation-cesenatico","status":"publish","type":"page","link":"https:\/\/hsmeraldo.clienti4.editatest.com\/de\/hotel-animation-cesenatico\/","title":{"rendered":"Cesenatico Urlaub: Spa\u00df f\u00fcr Kinder"},"content":{"rendered":"<h2>Es steht Ihnen der Service der Unterhaltung!<\/h2>\n<p>T\u00e4glich beziehen unsere\u00a0<b>heiteren Animateure\u00a0<\/b>Sie mit ein in Spiele und vergn\u00fcgliche Aktivit\u00e4ten.\u00a0<b>Morgens\u00a0<\/b>organisieren Sie am Strand eine angenehme Fr\u00fchgymnastik f\u00fcr Erwachsene, direkt am Meer, und anschlie\u00dfend Spiele im Sand f\u00fcr die Kinder.<b>Nachmittags\u00a0<\/b>bietet unser Swimmingpool-Center Aquagym f\u00fcr Erwachsene und Mini-Club f\u00fcr Kinder unter dem Sonnenschutz. <b>Abends\u00a0<\/b>auf der Veranda des Hotel Baby Dance, Gruppent\u00e4nze und sympathische Spiel.<br \/>\n\n\t\t<style type='text\/css'>\n\t\t\t#gallery-1 {\n\t\t\t\tmargin: auto;\n\t\t\t}\n\t\t\t#gallery-1 .gallery-item {\n\t\t\t\tfloat: left;\n\t\t\t\tmargin-top: 10px;\n\t\t\t\ttext-align: center;\n\t\t\t\twidth: 50%;\n\t\t\t}\n\t\t\t#gallery-1 img {\n\t\t\t\tborder: 2px solid #cfcfcf;\n\t\t\t}\n\t\t\t#gallery-1 .gallery-caption {\n\t\t\t\tmargin-left: 0;\n\t\t\t}\n\t\t\t\/* see gallery_shortcode() in wp-includes\/media.php *\/\n\t\t<\/style>\n\t\t<div id='gallery-1' class='gallery galleryid-164 gallery-columns-2 gallery-size-large'><dl class='gallery-item'>\n\t\t\t<dt class='gallery-icon landscape'>\n\t\t\t\t<img width=\"800\" height=\"533\" src=\"https:\/\/hsmeraldo.clienti4.editatest.com\/wp-content\/uploads\/2015\/03\/animazione2.jpg\" class=\"attachment-large size-large\" alt=\"Hotel Cesenatico animazione in spiaggia\" loading=\"lazy\" srcset=\"https:\/\/hsmeraldo.clienti4.editatest.com\/wp-content\/uploads\/2015\/03\/animazione2.jpg 800w, https:\/\/hsmeraldo.clienti4.editatest.com\/wp-content\/uploads\/2015\/03\/animazione2-768x512.jpg 768w\" sizes=\"(max-width: 800px) 100vw, 800px\" \/>\n\t\t\t<\/dt><\/dl><dl class='gallery-item'>\n\t\t\t<dt class='gallery-icon landscape'>\n\t\t\t\t<img width=\"1877\" height=\"888\" src=\"https:\/\/hsmeraldo.clienti4.editatest.com\/wp-content\/uploads\/2020\/02\/20190912_141030.jpg\" class=\"attachment-large size-large\" alt=\"\" loading=\"lazy\" srcset=\"https:\/\/hsmeraldo.clienti4.editatest.com\/wp-content\/uploads\/2020\/02\/20190912_141030.jpg 1877w, https:\/\/hsmeraldo.clienti4.editatest.com\/wp-content\/uploads\/2020\/02\/20190912_141030-768x363.jpg 768w, https:\/\/hsmeraldo.clienti4.editatest.com\/wp-content\/uploads\/2020\/02\/20190912_141030-1536x727.jpg 1536w\" sizes=\"(max-width: 1877px) 100vw, 1877px\" \/>\n\t\t\t<\/dt><\/dl><br style=\"clear: both\" \/><dl class='gallery-item'>\n\t\t\t<dt class='gallery-icon landscape'>\n\t\t\t\t<img width=\"800\" height=\"533\" src=\"https:\/\/hsmeraldo.clienti4.editatest.com\/wp-content\/uploads\/2018\/03\/20626373_1427444264001698_2462493003582494478_o.jpg\" class=\"attachment-large size-large\" alt=\"Hotel Smeraldo Cesenatico spiaggia\" loading=\"lazy\" srcset=\"https:\/\/hsmeraldo.clienti4.editatest.com\/wp-content\/uploads\/2018\/03\/20626373_1427444264001698_2462493003582494478_o.jpg 800w, https:\/\/hsmeraldo.clienti4.editatest.com\/wp-content\/uploads\/2018\/03\/20626373_1427444264001698_2462493003582494478_o-768x512.jpg 768w\" sizes=\"(max-width: 800px) 100vw, 800px\" \/>\n\t\t\t<\/dt><\/dl><dl class='gallery-item'>\n\t\t\t<dt class='gallery-icon landscape'>\n\t\t\t\t<img width=\"800\" height=\"533\" src=\"https:\/\/hsmeraldo.clienti4.editatest.com\/wp-content\/uploads\/2018\/03\/329859.jpg\" class=\"attachment-large size-large\" alt=\"Hotel Smeraldo Cesenatico Truccatrici\" loading=\"lazy\" srcset=\"https:\/\/hsmeraldo.clienti4.editatest.com\/wp-content\/uploads\/2018\/03\/329859.jpg 800w, https:\/\/hsmeraldo.clienti4.editatest.com\/wp-content\/uploads\/2018\/03\/329859-768x512.jpg 768w\" sizes=\"(max-width: 800px) 100vw, 800px\" \/>\n\t\t\t<\/dt><\/dl><br style=\"clear: both\" \/><dl class='gallery-item'>\n\t\t\t<dt class='gallery-icon landscape'>\n\t\t\t\t<img width=\"800\" height=\"533\" src=\"https:\/\/hsmeraldo.clienti4.editatest.com\/wp-content\/uploads\/2018\/03\/11741044_841949592551171_7746264627427955865_o.jpg\" class=\"attachment-large size-large\" alt=\"Hotel Smeraldo Cesenatico bolle spettacolo\" loading=\"lazy\" srcset=\"https:\/\/hsmeraldo.clienti4.editatest.com\/wp-content\/uploads\/2018\/03\/11741044_841949592551171_7746264627427955865_o.jpg 800w, https:\/\/hsmeraldo.clienti4.editatest.com\/wp-content\/uploads\/2018\/03\/11741044_841949592551171_7746264627427955865_o-768x512.jpg 768w\" sizes=\"(max-width: 800px) 100vw, 800px\" \/>\n\t\t\t<\/dt><\/dl><dl class='gallery-item'>\n\t\t\t<dt class='gallery-icon landscape'>\n\t\t\t\t<img width=\"800\" height=\"533\" src=\"https:\/\/hsmeraldo.clienti4.editatest.com\/wp-content\/uploads\/2018\/03\/21366801_1454317544647703_6089538546244998286_o.jpg\" class=\"attachment-large size-large\" alt=\"Hotel Cesenatico spiaggia convenzionata\" loading=\"lazy\" srcset=\"https:\/\/hsmeraldo.clienti4.editatest.com\/wp-content\/uploads\/2018\/03\/21366801_1454317544647703_6089538546244998286_o.jpg 800w, https:\/\/hsmeraldo.clienti4.editatest.com\/wp-content\/uploads\/2018\/03\/21366801_1454317544647703_6089538546244998286_o-768x512.jpg 768w\" sizes=\"(max-width: 800px) 100vw, 800px\" \/>\n\t\t\t<\/dt><\/dl><br style=\"clear: both\" \/>\n\t\t<\/div>\n<\/p>\n","protected":false},"excerpt":{"rendered":"<p>Es steht Ihnen der Service der Unterhaltung! T\u00e4glich beziehen unsere\u00a0heiteren Animateure\u00a0Sie mit ein in Spiele und vergn\u00fcgliche Aktivit\u00e4ten.\u00a0Morgens\u00a0organisieren Sie am Strand eine angenehme Fr\u00fchgymnastik f\u00fcr Erwachsene, direkt am Meer, und anschlie\u00dfend Spiele im Sand f\u00fcr die Kinder.Nachmittags\u00a0bietet unser Swimmingpool-Center Aquagym f\u00fcr Erwachsene und Mini-Club f\u00fcr Kinder unter dem Sonnenschutz. Abends\u00a0auf der Veranda des Hotel Baby [&hellip;]<\/p>\n","protected":false},"author":4,"featured_media":0,"parent":0,"menu_order":0,"comment_status":"closed","ping_status":"closed","template":"","meta":[],"acf":[],"_links":{"self":[{"href":"https:\/\/hsmeraldo.clienti4.editatest.com\/de\/wp-json\/wp\/v2\/pages\/248"}],"collection":[{"href":"https:\/\/hsmeraldo.clienti4.editatest.com\/de\/wp-json\/wp\/v2\/pages"}],"about":[{"href":"https:\/\/hsmeraldo.clienti4.editatest.com\/de\/wp-json\/wp\/v2\/types\/page"}],"author":[{"embeddable":true,"href":"https:\/\/hsmeraldo.clienti4.editatest.com\/de\/wp-json\/wp\/v2\/users\/4"}],"replies":[{"embeddable":true,"href":"https:\/\/hsmeraldo.clienti4.editatest.com\/de\/wp-json\/wp\/v2\/comments?post=248"}],"version-history":[{"count":0,"href":"https:\/\/hsmeraldo.clienti4.editatest.com\/de\/wp-json\/wp\/v2\/pages\/248\/revisions"}],"wp:attachment":[{"href":"https:\/\/hsmeraldo.clienti4.editatest.com\/de\/wp-json\/wp\/v2\/media?parent=248"}],"curies":[{"name":"wp","href":"https:\/\/api.w.org\/{rel}","templated":true}]}}