{"id":264,"date":"2015-03-30T13:22:32","date_gmt":"2015-03-30T11:22:32","guid":{"rendered":"https:\/\/hsmeraldo.clienti4.editatest.com\/all-inclusive-hotel-cesenatico-2\/"},"modified":"2021-02-15T11:31:29","modified_gmt":"2021-02-15T10:31:29","slug":"all-inclusive-hotel-cesenatico","status":"publish","type":"page","link":"https:\/\/hsmeraldo.clienti4.editatest.com\/de\/all-inclusive-hotel-cesenatico\/","title":{"rendered":"Unserer Formel All Inclusive und Strand"},"content":{"rendered":"<table class=\"listino\" style=\"width: 683px;height: 317px\">\n<tbody>\n<tr style=\"height: 422px\">\n<td style=\"width: 362px;height: 317px\">&nbsp;<\/p>\n<ul>\n<li><strong>Ihrer Wahl: Vollpension, Halbpension \u00dcbernachtung mit Fr\u00fchst\u00fcck<\/strong><\/li>\n<li>Ein Sonnenschirm und zwei Liegen am Strand<\/li>\n<li><strong>Getr\u00e4nke<\/strong> vom Fass zu den Mahlzeiten nach Belieben (Wasser nat\u00fcrlich\/mit Gas, Wein wei\u00df\/rot , Orangen\/Limonade und Pepsi)<\/li>\n<li><strong>Privates relax-Center &#8222;Smeraldo&#8220;<\/strong>\u00a0mit\u00a0 Schwimmb\u00e4dern beheizt auf 28\u00b0C:\u00a0Schwimmbecken f\u00fcr Kinder und Erwachsene, Whirlpool, Fitness-ecke, Umkleideraum, Snack Bar, Kinderspielecke. ( nur 50 Meter vom Hotel entfernt)<\/li>\n<li><strong>T\u00e4gliche Animation<\/strong> f\u00fcr Kinder\u00a0 den ganzen Tag<\/li>\n<\/ul>\n<\/td>\n<td style=\"width: 305px;height: 317px\">\n<ul>\n<li><strong>Strandtuecher<\/strong><\/li>\n<li><b>Aperitif<\/b>\u00a0 am Sonntag<\/li>\n<li><strong>&#8222;Romagnolische&#8220; Abendessen<\/strong><\/li>\n<li><strong>Fahrr\u00e4der<\/strong> auch mit eventuellen Kindersitzen<\/li>\n<li><strong>Privater Parkplatz<\/strong> (150 m vom Hotel)<\/li>\n<li>Kinderspiel-raum\u00a0<strong>X-Box;\u00a0Tischtennis,\u00a0Kicker<\/strong><\/li>\n<li><strong>WLAN <\/strong>am Strand, im Pool und im Hotel<\/li>\n<\/ul>\n<\/td>\n<\/tr>\n<\/tbody>\n<\/table>\n<h3>Erm\u00e4\u00dfigung f\u00fcr Kinder<\/h3>\n<ul>\n<li>Kinder 0-2 Jahre (im Zimmer mit 2 Erwachsenen) = <strong>GRATIS<\/strong> (au\u00dfer\u00a0im August)<\/li>\n<li>Kinder 3-4 Jahre (2 Erwachsenen ) =\u00a0 &#8211; 70%<\/li>\n<li>Kinder 5-14 Jahre (im Zimmer mit 2 Erwachsenen)=\u00a0 \u00a0&#8211; 50%<\/li>\n<\/ul>\n<h3>Familien-Angebot<\/h3>\n<p>4 Personen = nur 3 bezahlen<\/p>\n<h3>Angebot f\u00fcr &#8220; 1 Erwachsener mit kinder&#8220;<\/h3>\n<p>Kinder (0-14 Jahre) mit nur einem Erwachsenen im Zimmer haben \u00a050% Erm\u00e4\u00dfigung\u00a0( min. 7 Tage; au\u00dfer\u00a0im August)<\/p>\n<h3>Zu-und Abschl\u00e4ge:<\/h3>\n<p>Halbpension-Abschlag: \u00a0 \u20ac 5,00 pro Tag pro Erwachsene<\/p>\n<p>Doppelzimmer-Zuschlag zum Einzelgebrauch: \u00a0+ 50% pro Tag<\/p>\n<p>3. Bett f\u00fcr Erwachsene: \u00a0&#8211; 20%<\/p>\n<h3>Open Bar<\/h3>\n<p>(alle Cafeteria-Getr\u00e4nke und die alkoholfreien Getr\u00e4nke vom Fass an der Hotelbar und an der Bar am Pool) = + \u20ac 8,00 pro Erwachsene pro Tag und + \u20ac 4,00 pro Kind (4-14 Jahre) pro Tag.<\/p>\n","protected":false},"excerpt":{"rendered":"<p>&nbsp; Ihrer Wahl: Vollpension, Halbpension \u00dcbernachtung mit Fr\u00fchst\u00fcck Ein Sonnenschirm und zwei Liegen am Strand Getr\u00e4nke vom Fass zu den Mahlzeiten nach Belieben (Wasser nat\u00fcrlich\/mit Gas, Wein wei\u00df\/rot , Orangen\/Limonade und Pepsi) Privates relax-Center &#8222;Smeraldo&#8220;\u00a0mit\u00a0 Schwimmb\u00e4dern beheizt auf 28\u00b0C:\u00a0Schwimmbecken f\u00fcr Kinder und Erwachsene, Whirlpool, Fitness-ecke, Umkleideraum, Snack Bar, Kinderspielecke. ( nur 50 Meter vom Hotel [&hellip;]<\/p>\n","protected":false},"author":4,"featured_media":0,"parent":0,"menu_order":0,"comment_status":"closed","ping_status":"closed","template":"","meta":[],"acf":[],"_links":{"self":[{"href":"https:\/\/hsmeraldo.clienti4.editatest.com\/de\/wp-json\/wp\/v2\/pages\/264"}],"collection":[{"href":"https:\/\/hsmeraldo.clienti4.editatest.com\/de\/wp-json\/wp\/v2\/pages"}],"about":[{"href":"https:\/\/hsmeraldo.clienti4.editatest.com\/de\/wp-json\/wp\/v2\/types\/page"}],"author":[{"embeddable":true,"href":"https:\/\/hsmeraldo.clienti4.editatest.com\/de\/wp-json\/wp\/v2\/users\/4"}],"replies":[{"embeddable":true,"href":"https:\/\/hsmeraldo.clienti4.editatest.com\/de\/wp-json\/wp\/v2\/comments?post=264"}],"version-history":[{"count":0,"href":"https:\/\/hsmeraldo.clienti4.editatest.com\/de\/wp-json\/wp\/v2\/pages\/264\/revisions"}],"wp:attachment":[{"href":"https:\/\/hsmeraldo.clienti4.editatest.com\/de\/wp-json\/wp\/v2\/media?parent=264"}],"curies":[{"name":"wp","href":"https:\/\/api.w.org\/{rel}","templated":true}]}}