{"id":277,"date":"2015-03-30T13:58:23","date_gmt":"2015-03-30T11:58:23","guid":{"rendered":"https:\/\/hsmeraldo.clienti4.editatest.com\/camere-hotel-cesenatico-2\/"},"modified":"2022-02-18T16:33:21","modified_gmt":"2022-02-18T15:33:21","slug":"zimmer-hotel-cesenatico","status":"publish","type":"page","link":"https:\/\/hsmeraldo.clienti4.editatest.com\/de\/zimmer-hotel-cesenatico\/","title":{"rendered":"Familienzimmer und Suite in Cesenatico"},"content":{"rendered":"<h2>Vor kurzem renoviert, sind mit allem Komfort ausgestattet<\/h2>\n<p>Wir bieten alle diese Dienste ohne weiteren Kostenzuschlag:<\/p>\n<ul>\n<li>Opening &#8211; Karte<\/li>\n<li>Klimaanlage<\/li>\n<li>TV SAT LCD Fernseher<\/li>\n<li>Tresor<\/li>\n<li>Balkon<\/li>\n<li>Telefon<\/li>\n<li>Mini &#8211; K\u00fchlschrank<\/li>\n<li>Zimmer mit Dusche<\/li>\n<\/ul>\n<h3><\/h3>\n<p><strong>CLASSIC-ZIMMER<\/strong><\/p>\n<p>alle renoviert, sind aufgeteilt in Doppel-, Dreibett- und Vierbettzimmer mit Etagenbetten und haben eine Grundfl\u00e4che von ca.<strong> 13 qm<\/strong> + Bad + Balkon<\/p>\n\n\t\t<style type='text\/css'>\n\t\t\t#gallery-1 {\n\t\t\t\tmargin: auto;\n\t\t\t}\n\t\t\t#gallery-1 .gallery-item {\n\t\t\t\tfloat: left;\n\t\t\t\tmargin-top: 10px;\n\t\t\t\ttext-align: center;\n\t\t\t\twidth: 33%;\n\t\t\t}\n\t\t\t#gallery-1 img {\n\t\t\t\tborder: 2px solid #cfcfcf;\n\t\t\t}\n\t\t\t#gallery-1 .gallery-caption {\n\t\t\t\tmargin-left: 0;\n\t\t\t}\n\t\t\t\/* see gallery_shortcode() in wp-includes\/media.php *\/\n\t\t<\/style>\n\t\t<div id='gallery-1' class='gallery galleryid-165 gallery-columns-3 gallery-size-thumbnail'><dl class='gallery-item'>\n\t\t\t<dt class='gallery-icon landscape'>\n\t\t\t\t<a href='https:\/\/hsmeraldo.clienti4.editatest.com\/wp-content\/uploads\/2015\/03\/camera_doppia2-7-jpg.jpg' data-size=\"800x533\"><img width=\"360\" height=\"270\" src=\"https:\/\/hsmeraldo.clienti4.editatest.com\/wp-content\/uploads\/2015\/03\/camera_doppia2-7-jpg-360x270.jpg\" class=\"attachment-thumbnail size-thumbnail\" alt=\"Hotel Cesenatico Camera Doppia\" loading=\"lazy\" \/><\/a>\n\t\t\t<\/dt><\/dl><dl class='gallery-item'>\n\t\t\t<dt class='gallery-icon landscape'>\n\t\t\t\t<a href='https:\/\/hsmeraldo.clienti4.editatest.com\/wp-content\/uploads\/2015\/03\/camera-tripla-2-big.jpg' data-size=\"899x600\"><img width=\"360\" height=\"270\" src=\"https:\/\/hsmeraldo.clienti4.editatest.com\/wp-content\/uploads\/2015\/03\/camera-tripla-2-big-360x270.jpg\" class=\"attachment-thumbnail size-thumbnail\" alt=\"Hotel Smeraldo camera tripla Cesenatico\" loading=\"lazy\" \/><\/a>\n\t\t\t<\/dt><\/dl><dl class='gallery-item'>\n\t\t\t<dt class='gallery-icon landscape'>\n\t\t\t\t<a href='https:\/\/hsmeraldo.clienti4.editatest.com\/wp-content\/uploads\/2015\/03\/bagno_cameradoppia9.jpg' data-size=\"800x533\"><img width=\"360\" height=\"270\" src=\"https:\/\/hsmeraldo.clienti4.editatest.com\/wp-content\/uploads\/2015\/03\/bagno_cameradoppia9-360x270.jpg\" class=\"attachment-thumbnail size-thumbnail\" alt=\"Hotel Smeraldo Cesenatico bagno in camera\" loading=\"lazy\" \/><\/a>\n\t\t\t<\/dt><\/dl><br style=\"clear: both\" \/>\n\t\t<\/div>\n\n<p>&nbsp;<\/p>\n<p><strong>CLASSIC PLUS ZIMMER<\/strong><\/p>\n<p>alle renoviert, sie sind in Doppel-, Dreibett- und Vierbettzimmer mit Etagenbetten unterteilt und haben eine Grundfl\u00e4che von ca. <strong>14 qm<\/strong> + Bad + Balkon<\/p>\n\n\t\t<style type='text\/css'>\n\t\t\t#gallery-2 {\n\t\t\t\tmargin: auto;\n\t\t\t}\n\t\t\t#gallery-2 .gallery-item {\n\t\t\t\tfloat: left;\n\t\t\t\tmargin-top: 10px;\n\t\t\t\ttext-align: center;\n\t\t\t\twidth: 33%;\n\t\t\t}\n\t\t\t#gallery-2 img {\n\t\t\t\tborder: 2px solid #cfcfcf;\n\t\t\t}\n\t\t\t#gallery-2 .gallery-caption {\n\t\t\t\tmargin-left: 0;\n\t\t\t}\n\t\t\t\/* see gallery_shortcode() in wp-includes\/media.php *\/\n\t\t<\/style>\n\t\t<div id='gallery-2' class='gallery galleryid-165 gallery-columns-3 gallery-size-thumbnail'><dl class='gallery-item'>\n\t\t\t<dt class='gallery-icon landscape'>\n\t\t\t\t<a href='https:\/\/hsmeraldo.clienti4.editatest.com\/wp-content\/uploads\/2022\/02\/camera-plus-x-2.jpg' data-size=\"700x400\"><img width=\"360\" height=\"270\" src=\"https:\/\/hsmeraldo.clienti4.editatest.com\/wp-content\/uploads\/2022\/02\/camera-plus-x-2-360x270.jpg\" class=\"attachment-thumbnail size-thumbnail\" alt=\"\" loading=\"lazy\" \/><\/a>\n\t\t\t<\/dt><\/dl><dl class='gallery-item'>\n\t\t\t<dt class='gallery-icon landscape'>\n\t\t\t\t<a href='https:\/\/hsmeraldo.clienti4.editatest.com\/wp-content\/uploads\/2022\/02\/classic-plus-3-pax.jpg' data-size=\"700x400\"><img width=\"360\" height=\"270\" src=\"https:\/\/hsmeraldo.clienti4.editatest.com\/wp-content\/uploads\/2022\/02\/classic-plus-3-pax-360x270.jpg\" class=\"attachment-thumbnail size-thumbnail\" alt=\"\" loading=\"lazy\" \/><\/a>\n\t\t\t<\/dt><\/dl><dl class='gallery-item'>\n\t\t\t<dt class='gallery-icon landscape'>\n\t\t\t\t<a href='https:\/\/hsmeraldo.clienti4.editatest.com\/wp-content\/uploads\/2015\/03\/bagno-tripla.jpg' data-size=\"800x533\"><img width=\"360\" height=\"270\" src=\"https:\/\/hsmeraldo.clienti4.editatest.com\/wp-content\/uploads\/2015\/03\/bagno-tripla-360x270.jpg\" class=\"attachment-thumbnail size-thumbnail\" alt=\"Hotel Smeraldo Cesenatico camera tripla bagno\" loading=\"lazy\" \/><\/a>\n\t\t\t<\/dt><\/dl><br style=\"clear: both\" \/>\n\t\t<\/div>\n\n<p>&nbsp;<\/p>\n<p><strong>SUPERIOR-FAMILIENZIMMER<\/strong><\/p>\n<p>mit Doppelbett und zwei Einzelbetten, von denen eines bei Bedarf zu einem Etagenbett f\u00fcr gr\u00f6\u00dfere Familien wird<\/p>\n<p>Renoviert und hell, haben sie eine Wohnfl\u00e4che von <strong>15 qm<\/strong> + Bad + Balkon<\/p>\n\n\t\t<style type='text\/css'>\n\t\t\t#gallery-3 {\n\t\t\t\tmargin: auto;\n\t\t\t}\n\t\t\t#gallery-3 .gallery-item {\n\t\t\t\tfloat: left;\n\t\t\t\tmargin-top: 10px;\n\t\t\t\ttext-align: center;\n\t\t\t\twidth: 33%;\n\t\t\t}\n\t\t\t#gallery-3 img {\n\t\t\t\tborder: 2px solid #cfcfcf;\n\t\t\t}\n\t\t\t#gallery-3 .gallery-caption {\n\t\t\t\tmargin-left: 0;\n\t\t\t}\n\t\t\t\/* see gallery_shortcode() in wp-includes\/media.php *\/\n\t\t<\/style>\n\t\t<div id='gallery-3' class='gallery galleryid-165 gallery-columns-3 gallery-size-thumbnail'><dl class='gallery-item'>\n\t\t\t<dt class='gallery-icon landscape'>\n\t\t\t\t<a href='https:\/\/hsmeraldo.clienti4.editatest.com\/wp-content\/uploads\/2020\/02\/MG_0083E.jpg' data-size=\"3872x2581\"><img width=\"360\" height=\"270\" src=\"https:\/\/hsmeraldo.clienti4.editatest.com\/wp-content\/uploads\/2020\/02\/MG_0083E-360x270.jpg\" class=\"attachment-thumbnail size-thumbnail\" alt=\"\" loading=\"lazy\" \/><\/a>\n\t\t\t<\/dt><\/dl><dl class='gallery-item'>\n\t\t\t<dt class='gallery-icon landscape'>\n\t\t\t\t<a href='https:\/\/hsmeraldo.clienti4.editatest.com\/wp-content\/uploads\/2015\/03\/quadruplabagno.jpg' data-size=\"800x533\"><img width=\"360\" height=\"270\" src=\"https:\/\/hsmeraldo.clienti4.editatest.com\/wp-content\/uploads\/2015\/03\/quadruplabagno-360x270.jpg\" class=\"attachment-thumbnail size-thumbnail\" alt=\"Hotel Smeraldo Cesenatico bagno in camera grande\" loading=\"lazy\" \/><\/a>\n\t\t\t<\/dt><\/dl><dl class='gallery-item'>\n\t\t\t<dt class='gallery-icon landscape'>\n\t\t\t\t<a href='https:\/\/hsmeraldo.clienti4.editatest.com\/wp-content\/uploads\/2022\/02\/classic-pls-3-pax.jpg' data-size=\"700x400\"><img width=\"360\" height=\"270\" src=\"https:\/\/hsmeraldo.clienti4.editatest.com\/wp-content\/uploads\/2022\/02\/classic-pls-3-pax-360x270.jpg\" class=\"attachment-thumbnail size-thumbnail\" alt=\"\" loading=\"lazy\" \/><\/a>\n\t\t\t<\/dt><\/dl><br style=\"clear: both\" \/>\n\t\t<\/div>\n\n<p>&nbsp;<\/p>\n<p><strong>DAS ROMANTISCHE ZIMMER<\/strong>:<\/p>\n<p>Es zeichnet sich durch die Besonderheit des Doppelbetts mit Himmelbett aus<\/p>\n<p>Es hat auch ein Einzelbett, das bei Bedarf zu einem Etagenbett wird, und hat eine Grundfl\u00e4che von 15 Quadratmetern + Badezimmer + Balkon<\/p>\n\n\t\t<style type='text\/css'>\n\t\t\t#gallery-4 {\n\t\t\t\tmargin: auto;\n\t\t\t}\n\t\t\t#gallery-4 .gallery-item {\n\t\t\t\tfloat: left;\n\t\t\t\tmargin-top: 10px;\n\t\t\t\ttext-align: center;\n\t\t\t\twidth: 33%;\n\t\t\t}\n\t\t\t#gallery-4 img {\n\t\t\t\tborder: 2px solid #cfcfcf;\n\t\t\t}\n\t\t\t#gallery-4 .gallery-caption {\n\t\t\t\tmargin-left: 0;\n\t\t\t}\n\t\t\t\/* see gallery_shortcode() in wp-includes\/media.php *\/\n\t\t<\/style>\n\t\t<div id='gallery-4' class='gallery galleryid-165 gallery-columns-3 gallery-size-thumbnail'><dl class='gallery-item'>\n\t\t\t<dt class='gallery-icon landscape'>\n\t\t\t\t<a href='https:\/\/hsmeraldo.clienti4.editatest.com\/wp-content\/uploads\/2015\/03\/romantica.jpg' data-size=\"800x533\"><img width=\"360\" height=\"270\" src=\"https:\/\/hsmeraldo.clienti4.editatest.com\/wp-content\/uploads\/2015\/03\/romantica-360x270.jpg\" class=\"attachment-thumbnail size-thumbnail\" alt=\"Hotel Smeraldo Cesenatico camera rosa\" loading=\"lazy\" \/><\/a>\n\t\t\t<\/dt><\/dl><dl class='gallery-item'>\n\t\t\t<dt class='gallery-icon landscape'>\n\t\t\t\t<a href='https:\/\/hsmeraldo.clienti4.editatest.com\/wp-content\/uploads\/2015\/03\/romantica2.jpg' data-size=\"800x533\"><img width=\"360\" height=\"270\" src=\"https:\/\/hsmeraldo.clienti4.editatest.com\/wp-content\/uploads\/2015\/03\/romantica2-360x270.jpg\" class=\"attachment-thumbnail size-thumbnail\" alt=\"Hotel Smeraldo Cesenatico Camere\" loading=\"lazy\" \/><\/a>\n\t\t\t<\/dt><\/dl><dl class='gallery-item'>\n\t\t\t<dt class='gallery-icon landscape'>\n\t\t\t\t<a href='https:\/\/hsmeraldo.clienti4.editatest.com\/wp-content\/uploads\/2015\/03\/bagnoromantica.jpg' data-size=\"800x533\"><img width=\"360\" height=\"270\" src=\"https:\/\/hsmeraldo.clienti4.editatest.com\/wp-content\/uploads\/2015\/03\/bagnoromantica-360x270.jpg\" class=\"attachment-thumbnail size-thumbnail\" alt=\"Hotel Smeraldo Cesenatico Bagno in camera\" loading=\"lazy\" \/><\/a>\n\t\t\t<\/dt><\/dl><br style=\"clear: both\" \/>\n\t\t<\/div>\n\n<p>&nbsp;<\/p>\n<p>&nbsp;<\/p>\n<p>&nbsp;<\/p>\n","protected":false},"excerpt":{"rendered":"<p>Vor kurzem renoviert, sind mit allem Komfort ausgestattet Wir bieten alle diese Dienste ohne weiteren Kostenzuschlag: Opening &#8211; Karte Klimaanlage TV SAT LCD Fernseher Tresor Balkon Telefon Mini &#8211; K\u00fchlschrank Zimmer mit Dusche CLASSIC-ZIMMER alle renoviert, sind aufgeteilt in Doppel-, Dreibett- und Vierbettzimmer mit Etagenbetten und haben eine Grundfl\u00e4che von ca. 13 qm + Bad [&hellip;]<\/p>\n","protected":false},"author":4,"featured_media":0,"parent":0,"menu_order":0,"comment_status":"closed","ping_status":"closed","template":"","meta":[],"acf":[],"_links":{"self":[{"href":"https:\/\/hsmeraldo.clienti4.editatest.com\/de\/wp-json\/wp\/v2\/pages\/277"}],"collection":[{"href":"https:\/\/hsmeraldo.clienti4.editatest.com\/de\/wp-json\/wp\/v2\/pages"}],"about":[{"href":"https:\/\/hsmeraldo.clienti4.editatest.com\/de\/wp-json\/wp\/v2\/types\/page"}],"author":[{"embeddable":true,"href":"https:\/\/hsmeraldo.clienti4.editatest.com\/de\/wp-json\/wp\/v2\/users\/4"}],"replies":[{"embeddable":true,"href":"https:\/\/hsmeraldo.clienti4.editatest.com\/de\/wp-json\/wp\/v2\/comments?post=277"}],"version-history":[{"count":0,"href":"https:\/\/hsmeraldo.clienti4.editatest.com\/de\/wp-json\/wp\/v2\/pages\/277\/revisions"}],"wp:attachment":[{"href":"https:\/\/hsmeraldo.clienti4.editatest.com\/de\/wp-json\/wp\/v2\/media?parent=277"}],"curies":[{"name":"wp","href":"https:\/\/api.w.org\/{rel}","templated":true}]}}