{"id":295,"date":"2014-04-30T11:33:33","date_gmt":"2014-04-30T09:33:33","guid":{"rendered":"https:\/\/hsmeraldo.clienti4.editatest.com\/hotel-piscina-cesenatico-2\/"},"modified":"2021-02-13T12:17:11","modified_gmt":"2021-02-13T11:17:11","slug":"schwimmbad","status":"publish","type":"page","link":"https:\/\/hsmeraldo.clienti4.editatest.com\/de\/schwimmbad\/","title":{"rendered":"Spa\u00df Urlaub im Hotel mit Schwimmbad"},"content":{"rendered":"<p>Unser privates <strong>Relax &#8211; Zentrum &#8222;Smeraldino&#8220;<\/strong> verf\u00fcgt \u00fcber ein wundersch\u00f6nes Schwimmbad f\u00fcr Erwachsene und Kinder. Umgeben von sch\u00f6nem Gr\u00fcn befindet es sich nur <strong>50 Meter vom Hotel <\/strong>entfernt. Die Terrasse in der ersten Etage des Pools ist mit Liegest\u00fchlen und Outdoor Klimaanlage ausgest attet, um sich ein Sonnenbad in v\u00f6lliger Entspannung zu g\u00f6nnen.<\/p>\n\n\t\t<style type='text\/css'>\n\t\t\t#gallery-1 {\n\t\t\t\tmargin: auto;\n\t\t\t}\n\t\t\t#gallery-1 .gallery-item {\n\t\t\t\tfloat: left;\n\t\t\t\tmargin-top: 10px;\n\t\t\t\ttext-align: center;\n\t\t\t\twidth: 33%;\n\t\t\t}\n\t\t\t#gallery-1 img {\n\t\t\t\tborder: 2px solid #cfcfcf;\n\t\t\t}\n\t\t\t#gallery-1 .gallery-caption {\n\t\t\t\tmargin-left: 0;\n\t\t\t}\n\t\t\t\/* see gallery_shortcode() in wp-includes\/media.php *\/\n\t\t<\/style>\n\t\t<div id='gallery-1' class='gallery galleryid-68 gallery-columns-3 gallery-size-thumbnail'><dl class='gallery-item'>\n\t\t\t<dt class='gallery-icon landscape'>\n\t\t\t\t<a href='https:\/\/hsmeraldo.clienti4.editatest.com\/wp-content\/uploads\/2014\/04\/piscina4.jpg' data-size=\"800x534\"><img width=\"360\" height=\"270\" src=\"https:\/\/hsmeraldo.clienti4.editatest.com\/wp-content\/uploads\/2014\/04\/piscina4-360x270.jpg\" class=\"attachment-thumbnail size-thumbnail\" alt=\"Hotel Smeraldo lettini Cesenatico\" loading=\"lazy\" \/><\/a>\n\t\t\t<\/dt><\/dl><dl class='gallery-item'>\n\t\t\t<dt class='gallery-icon landscape'>\n\t\t\t\t<a href='https:\/\/hsmeraldo.clienti4.editatest.com\/wp-content\/uploads\/2013\/07\/DSCF0657.jpg' data-size=\"704x530\"><img width=\"360\" height=\"270\" src=\"https:\/\/hsmeraldo.clienti4.editatest.com\/wp-content\/uploads\/2013\/07\/DSCF0657-360x270.jpg\" class=\"attachment-thumbnail size-thumbnail\" alt=\"\" loading=\"lazy\" srcset=\"https:\/\/hsmeraldo.clienti4.editatest.com\/wp-content\/uploads\/2013\/07\/DSCF0657-360x270.jpg 360w, https:\/\/hsmeraldo.clienti4.editatest.com\/wp-content\/uploads\/2013\/07\/DSCF0657.jpg 704w\" sizes=\"(max-width: 360px) 100vw, 360px\" \/><\/a>\n\t\t\t<\/dt><\/dl><dl class='gallery-item'>\n\t\t\t<dt class='gallery-icon landscape'>\n\t\t\t\t<a href='https:\/\/hsmeraldo.clienti4.editatest.com\/wp-content\/uploads\/2020\/02\/IMG_6691.jpg' data-size=\"2560x1498\"><img width=\"360\" height=\"270\" src=\"https:\/\/hsmeraldo.clienti4.editatest.com\/wp-content\/uploads\/2020\/02\/IMG_6691-360x270.jpg\" class=\"attachment-thumbnail size-thumbnail\" alt=\"\" loading=\"lazy\" \/><\/a>\n\t\t\t<\/dt><\/dl><br style=\"clear: both\" \/><dl class='gallery-item'>\n\t\t\t<dt class='gallery-icon landscape'>\n\t\t\t\t<a href='https:\/\/hsmeraldo.clienti4.editatest.com\/wp-content\/uploads\/2020\/02\/20190912_141030.jpg' data-size=\"1877x888\"><img width=\"360\" height=\"270\" src=\"https:\/\/hsmeraldo.clienti4.editatest.com\/wp-content\/uploads\/2020\/02\/20190912_141030-360x270.jpg\" class=\"attachment-thumbnail size-thumbnail\" alt=\"\" loading=\"lazy\" \/><\/a>\n\t\t\t<\/dt><\/dl><dl class='gallery-item'>\n\t\t\t<dt class='gallery-icon landscape'>\n\t\t\t\t<a href='https:\/\/hsmeraldo.clienti4.editatest.com\/wp-content\/uploads\/2014\/04\/piscina2-1.jpg' data-size=\"2000x1080\"><img width=\"360\" height=\"270\" src=\"https:\/\/hsmeraldo.clienti4.editatest.com\/wp-content\/uploads\/2014\/04\/piscina2-1-360x270.jpg\" class=\"attachment-thumbnail size-thumbnail\" alt=\"Hotel Igea Marina con piscina\" loading=\"lazy\" \/><\/a>\n\t\t\t<\/dt><\/dl><dl class='gallery-item'>\n\t\t\t<dt class='gallery-icon landscape'>\n\t\t\t\t<a href='https:\/\/hsmeraldo.clienti4.editatest.com\/wp-content\/uploads\/2015\/04\/DSC_0428.jpg' data-size=\"2304x1536\"><img width=\"360\" height=\"270\" src=\"https:\/\/hsmeraldo.clienti4.editatest.com\/wp-content\/uploads\/2015\/04\/DSC_0428-360x270.jpg\" class=\"attachment-thumbnail size-thumbnail\" alt=\"Hotel Smeraldo Piscina Cesenatico\" loading=\"lazy\" \/><\/a>\n\t\t\t<\/dt><\/dl><br style=\"clear: both\" \/>\n\t\t<\/div>\n\n<h2>Das Erholungszentrum Smeraldino verf\u00fcgt \u00fcber<\/h2>\n<ul>\n<li>Hydromassage<\/li>\n<li>Schwimmbad f\u00fcr Kinder<\/li>\n<li>Sonnenschirme und Liegest\u00fchle<\/li>\n<li>Fitnessraum<\/li>\n<li>Aussen &#8211; Klimaanlage<\/li>\n<li>Snack-Bar<\/li>\n<li>Toiletten mit Duschen<\/li>\n<li>Tioletten und Badezimmer f\u00fcr Behinderte<\/li>\n<li>Kinderspielraum<\/li>\n<li>Massage-und Beauty- Behandlungen auf Anfrage<\/li>\n<\/ul>\n","protected":false},"excerpt":{"rendered":"<p>Unser privates Relax &#8211; Zentrum &#8222;Smeraldino&#8220; verf\u00fcgt \u00fcber ein wundersch\u00f6nes Schwimmbad f\u00fcr Erwachsene und Kinder. Umgeben von sch\u00f6nem Gr\u00fcn befindet es sich nur 50 Meter vom Hotel entfernt. Die Terrasse in der ersten Etage des Pools ist mit Liegest\u00fchlen und Outdoor Klimaanlage ausgest attet, um sich ein Sonnenbad in v\u00f6lliger Entspannung zu g\u00f6nnen. Das Erholungszentrum [&hellip;]<\/p>\n","protected":false},"author":4,"featured_media":0,"parent":0,"menu_order":0,"comment_status":"closed","ping_status":"closed","template":"","meta":[],"acf":[],"_links":{"self":[{"href":"https:\/\/hsmeraldo.clienti4.editatest.com\/de\/wp-json\/wp\/v2\/pages\/295"}],"collection":[{"href":"https:\/\/hsmeraldo.clienti4.editatest.com\/de\/wp-json\/wp\/v2\/pages"}],"about":[{"href":"https:\/\/hsmeraldo.clienti4.editatest.com\/de\/wp-json\/wp\/v2\/types\/page"}],"author":[{"embeddable":true,"href":"https:\/\/hsmeraldo.clienti4.editatest.com\/de\/wp-json\/wp\/v2\/users\/4"}],"replies":[{"embeddable":true,"href":"https:\/\/hsmeraldo.clienti4.editatest.com\/de\/wp-json\/wp\/v2\/comments?post=295"}],"version-history":[{"count":0,"href":"https:\/\/hsmeraldo.clienti4.editatest.com\/de\/wp-json\/wp\/v2\/pages\/295\/revisions"}],"wp:attachment":[{"href":"https:\/\/hsmeraldo.clienti4.editatest.com\/de\/wp-json\/wp\/v2\/media?parent=295"}],"curies":[{"name":"wp","href":"https:\/\/api.w.org\/{rel}","templated":true}]}}