{"id":319,"date":"2015-03-30T13:39:32","date_gmt":"2015-03-30T11:39:32","guid":{"rendered":"https:\/\/hsmeraldo.clienti4.editatest.com\/servizi-4-stelle-cesenatico-2\/"},"modified":"2018-03-23T11:02:50","modified_gmt":"2018-03-23T10:02:50","slug":"hotel-dienste","status":"publish","type":"page","link":"https:\/\/hsmeraldo.clienti4.editatest.com\/de\/hotel-dienste\/","title":{"rendered":"Dienstleistungen f\u00fcr Ihren Familienurlaub in Italien"},"content":{"rendered":"<h2>Entdecken Sie alle Leistungen inbegriffen:<\/h2>\n<ul>\n<li>Ein interner Lift<\/li>\n<li>Ein Panorama &#8211; Lift<\/li>\n<li>Privates \u201eRelax-Center Smeraldo\u201c mit<strong>\u00a0<\/strong>beheizten Schwimmb\u00e4dern:\u00a0Schwimmbecken f\u00fcr Kinder und Erwachsene, Whirlpool, Fitness-Ecke, Umkleideraum, Snack Bar, Kinderspielecke<\/li>\n<li>Fernsehraum<\/li>\n<li>Privater Parkplatz<\/li>\n<li>Bar mit Sitzpl\u00e4tzen<\/li>\n<li>Veranda mit Sofas und Tischen<\/li>\n<li>Kinderspielplatz<\/li>\n<li>24 Stunden &#8211; K\u00fcche (\u00a0f\u00fcr Kinderkost )<\/li>\n<li>Internet-point<\/li>\n<li>Aufenthaltsraum<\/li>\n<li>Bibliothek f\u00fcr Kinder<\/li>\n<li>Tischtennis, Tischfu\u00dfballspiel<\/li>\n<li>Kinderwagen\u00a0&#8211; Raum<\/li>\n<li>Internet WLAN<\/li>\n<li>Fahrr\u00e4der auch mit Kindersitzen<\/li>\n<li>Kinderspielraum\u00a0 mit X-Box<\/li>\n<li>Strandtuecher<\/li>\n<\/ul>\n\n\t\t<style type='text\/css'>\n\t\t\t#gallery-1 {\n\t\t\t\tmargin: auto;\n\t\t\t}\n\t\t\t#gallery-1 .gallery-item {\n\t\t\t\tfloat: left;\n\t\t\t\tmargin-top: 10px;\n\t\t\t\ttext-align: center;\n\t\t\t\twidth: 33%;\n\t\t\t}\n\t\t\t#gallery-1 img {\n\t\t\t\tborder: 2px solid #cfcfcf;\n\t\t\t}\n\t\t\t#gallery-1 .gallery-caption {\n\t\t\t\tmargin-left: 0;\n\t\t\t}\n\t\t\t\/* see gallery_shortcode() in wp-includes\/media.php *\/\n\t\t<\/style>\n\t\t<div id='gallery-1' class='gallery galleryid-163 gallery-columns-3 gallery-size-thumbnail'><dl class='gallery-item'>\n\t\t\t<dt class='gallery-icon landscape'>\n\t\t\t\t<a href='https:\/\/hsmeraldo.clienti4.editatest.com\/wp-content\/uploads\/2015\/03\/cucina_delle-mamme.jpg' data-size=\"800x533\"><img width=\"360\" height=\"270\" src=\"https:\/\/hsmeraldo.clienti4.editatest.com\/wp-content\/uploads\/2015\/03\/cucina_delle-mamme-360x270.jpg\" class=\"attachment-thumbnail size-thumbnail\" alt=\"Hotel Smeraldo Cesenatico cucina per famiglie\" loading=\"lazy\" \/><\/a>\n\t\t\t<\/dt><\/dl><dl class='gallery-item'>\n\t\t\t<dt class='gallery-icon landscape'>\n\t\t\t\t<a href='https:\/\/hsmeraldo.clienti4.editatest.com\/wp-content\/uploads\/2015\/03\/giochi-bimbi.jpg' data-size=\"800x533\"><img width=\"360\" height=\"270\" src=\"https:\/\/hsmeraldo.clienti4.editatest.com\/wp-content\/uploads\/2015\/03\/giochi-bimbi-360x270.jpg\" class=\"attachment-thumbnail size-thumbnail\" alt=\"Hotel Smeraldo Cesenatico giochi per bambini\" loading=\"lazy\" \/><\/a>\n\t\t\t<\/dt><\/dl><dl class='gallery-item'>\n\t\t\t<dt class='gallery-icon landscape'>\n\t\t\t\t<a href='https:\/\/hsmeraldo.clienti4.editatest.com\/wp-content\/uploads\/2015\/03\/saletta_Bar.jpg' data-size=\"800x533\"><img width=\"360\" height=\"270\" src=\"https:\/\/hsmeraldo.clienti4.editatest.com\/wp-content\/uploads\/2015\/03\/saletta_Bar-360x270.jpg\" class=\"attachment-thumbnail size-thumbnail\" alt=\"Hotel Smeraldo Cesenatico Sala Ristorante\" loading=\"lazy\" \/><\/a>\n\t\t\t<\/dt><\/dl><br style=\"clear: both\" \/><dl class='gallery-item'>\n\t\t\t<dt class='gallery-icon landscape'>\n\t\t\t\t<a href='https:\/\/hsmeraldo.clienti4.editatest.com\/wp-content\/uploads\/2015\/03\/bici.jpg' data-size=\"800x534\"><img width=\"360\" height=\"270\" src=\"https:\/\/hsmeraldo.clienti4.editatest.com\/wp-content\/uploads\/2015\/03\/bici-360x270.jpg\" class=\"attachment-thumbnail size-thumbnail\" alt=\"Hotel Smeraldo biciclette\" loading=\"lazy\" \/><\/a>\n\t\t\t<\/dt><\/dl><dl class='gallery-item'>\n\t\t\t<dt class='gallery-icon landscape'>\n\t\t\t\t<a href='https:\/\/hsmeraldo.clienti4.editatest.com\/wp-content\/uploads\/2015\/03\/gallery6.jpg' data-size=\"899x600\"><img width=\"360\" height=\"270\" src=\"https:\/\/hsmeraldo.clienti4.editatest.com\/wp-content\/uploads\/2015\/03\/gallery6-360x270.jpg\" class=\"attachment-thumbnail size-thumbnail\" alt=\"Hotel Smeraldo Cesenatico biliardino\" loading=\"lazy\" \/><\/a>\n\t\t\t<\/dt><\/dl><dl class='gallery-item'>\n\t\t\t<dt class='gallery-icon landscape'>\n\t\t\t\t<a href='https:\/\/hsmeraldo.clienti4.editatest.com\/wp-content\/uploads\/2015\/03\/pingpong.jpg' data-size=\"800x533\"><img width=\"360\" height=\"270\" src=\"https:\/\/hsmeraldo.clienti4.editatest.com\/wp-content\/uploads\/2015\/03\/pingpong-360x270.jpg\" class=\"attachment-thumbnail size-thumbnail\" alt=\"Hotel Igea Marina Ping Pong\" loading=\"lazy\" \/><\/a>\n\t\t\t<\/dt><\/dl><br style=\"clear: both\" \/>\n\t\t<\/div>\n\n","protected":false},"excerpt":{"rendered":"<p>Entdecken Sie alle Leistungen inbegriffen: Ein interner Lift Ein Panorama &#8211; Lift Privates \u201eRelax-Center Smeraldo\u201c mit\u00a0beheizten Schwimmb\u00e4dern:\u00a0Schwimmbecken f\u00fcr Kinder und Erwachsene, Whirlpool, Fitness-Ecke, Umkleideraum, Snack Bar, Kinderspielecke Fernsehraum Privater Parkplatz Bar mit Sitzpl\u00e4tzen Veranda mit Sofas und Tischen Kinderspielplatz 24 Stunden &#8211; K\u00fcche (\u00a0f\u00fcr Kinderkost ) Internet-point Aufenthaltsraum Bibliothek f\u00fcr Kinder Tischtennis, Tischfu\u00dfballspiel Kinderwagen\u00a0&#8211; Raum [&hellip;]<\/p>\n","protected":false},"author":4,"featured_media":0,"parent":0,"menu_order":0,"comment_status":"closed","ping_status":"closed","template":"","meta":[],"acf":[],"_links":{"self":[{"href":"https:\/\/hsmeraldo.clienti4.editatest.com\/de\/wp-json\/wp\/v2\/pages\/319"}],"collection":[{"href":"https:\/\/hsmeraldo.clienti4.editatest.com\/de\/wp-json\/wp\/v2\/pages"}],"about":[{"href":"https:\/\/hsmeraldo.clienti4.editatest.com\/de\/wp-json\/wp\/v2\/types\/page"}],"author":[{"embeddable":true,"href":"https:\/\/hsmeraldo.clienti4.editatest.com\/de\/wp-json\/wp\/v2\/users\/4"}],"replies":[{"embeddable":true,"href":"https:\/\/hsmeraldo.clienti4.editatest.com\/de\/wp-json\/wp\/v2\/comments?post=319"}],"version-history":[{"count":0,"href":"https:\/\/hsmeraldo.clienti4.editatest.com\/de\/wp-json\/wp\/v2\/pages\/319\/revisions"}],"wp:attachment":[{"href":"https:\/\/hsmeraldo.clienti4.editatest.com\/de\/wp-json\/wp\/v2\/media?parent=319"}],"curies":[{"name":"wp","href":"https:\/\/api.w.org\/{rel}","templated":true}]}}