{"id":330,"date":"2015-03-30T13:11:52","date_gmt":"2015-03-30T11:11:52","guid":{"rendered":"https:\/\/hsmeraldo.clienti4.editatest.com\/family-hotel-cesenatico-2\/"},"modified":"2021-02-13T12:22:30","modified_gmt":"2021-02-13T11:22:30","slug":"family-hotel-cesenatico","status":"publish","type":"page","link":"https:\/\/hsmeraldo.clienti4.editatest.com\/de\/family-hotel-cesenatico\/","title":{"rendered":"Spezial-Dienste Kinder"},"content":{"rendered":"<p>Mit Kindern auf Urlaub zu gehen, besonders wenn sie klein sind, bereitet immer ein wenig Sorgen&#8230;. aber nur <strong>keine Angst!!!<\/strong><\/p>\n<h2>Das Hotel Smeraldo ist ein Family Hotel. Den &#8222;kleinen G\u00e4sten&#8220; gilt unsere besondere Aufmerksamkeit:<\/h2>\n<table class=\"listino\">\n<tbody>\n<tr>\n<td>\n<ul>\n<li>Spezial &#8211; Kindermen\u00fc<\/li>\n<li>Flaschenw\u00e4rmer<\/li>\n<li>Gitter f\u00fcr Bettchen<\/li>\n<li>Nachtlicht<\/li>\n<li>Kindersitze f\u00fcr Fahrr\u00e4der<\/li>\n<li>Kindersitze und Hochst\u00fchle im Restaurant<\/li>\n<li>Teller, Tassen und kleines Besteck<\/li>\n<\/ul>\n<\/td>\n<td>\n<ul>\n<li>24 Stunden-K\u00fcche mit Kochstelle f\u00fcr M\u00fctter<\/li>\n<li>Bad mit Wickelkommode beim Aufenthaltsraum<\/li>\n<li>Kinderspielplatz am Strand,<\/li>\n<li>im Pool und im Hotel<\/li>\n<li>T\u00e4gliche Animation und Baby-Club morgens,<br \/>\nnachmittags und abends<\/li>\n<li>Kinder-Partys mit Schminkmeister,<br \/>\nLuftballons, Baby-dance und mehr &#8230;.<\/li>\n<\/ul>\n<\/td>\n<td>&nbsp;<\/p>\n<ul>\n<li>Raum f\u00fcr Kinderwagen<\/li>\n<li>Restaurant \u00d6ffnungszeiten:<\/li>\n<li>7,30 bis 9,30 \/ 12,00 bis 13,30 \/ 19,00 bis 20,30<\/li>\n<li>Kleinsitze\u00a0f\u00fcr WC<\/li>\n<li>Kinderarzt kommt auf Wunsch ins Hotel (eigene Bezahlung)<\/li>\n<li>Babysitter auf Wunsch (eigene Bezahlung)<\/li>\n<\/ul>\n<\/td>\n<\/tr>\n<\/tbody>\n<\/table>\n<h3>Wie funktionieren die Baby-Mahlzeiten w\u00e4hrend des Stillens?<\/h3>\n<p>Unsere K\u00f6che bereiten t\u00e4glich Gem\u00fcse-Br\u00fchen und Gem\u00fcse-Breie (mit Karotten, Kartoffeln und frischen Zucchini ohne Salzzusatz), mit hausgemachten\u00a0Einlagen.<br \/>\nParmesan und Oliven\u00f6l Extravergine stehen immer f\u00fcr Sie auf dem Buffet bereit. Fertigprodukte aus Fleisch, Fisch oder K\u00e4seschachtel&#8230; m\u00fcssen Sie von zu Hause mitbringen oder nach Ihrer Ankunft hier in Cesenatico kaufen.<br \/>\nDie Breie werden w\u00e4hrend der Uhrzeiten des Restaurants direkt von unseren K\u00f6chen am Buffet des Front Cooking serviert.<\/p>\n<h3>..ist das Kind aber anders und an andere Essenszeiten gewohnt ?<\/h3>\n<p>Die Mutti steht an der Hotelbar eine kleine Kochnische zur Verf\u00fcgung, wo sie t\u00e4glich die von unseren K\u00f6chen zubereiteten Br\u00fchen und Breie vorfinden kann. Die Mutti\u00a0wird dann selbst die eigenen Zutaten wie Fleisch, Fisch, Mehl und Einlagen beimischen.<br \/>\nDas ist ein Vorteil, denn so gibt es keine Zeitbeschr\u00e4nkungen: die Kochnische ist rund um die Uhr zug\u00e4nglich, wie zu Hause !!!!<br \/>\nF\u00fcr etwas gr\u00f6\u00dfere Kinder, die vielleicht nur Nudeln mit Tomatensauce, wei\u00dfe Nudeln oder ein einfaches Schnitzel vom Grill m\u00f6chten, kein Problem..es wird Ihnen zur gegebenen Zeit von unseren K\u00f6chen zubereitet!!!<br \/>\nIm Speisesaal werden f\u00fcr die Kleinkinder KINDERST\u00dcHLE zur Verf\u00fcgung gestellt. Sollte ein MILCHFLASCHEN-W\u00c4RMER dienen, kein Problem; man braucht sich blo\u00df an die Rezeption zu wenden.<\/p>\n<h3>Bringen wir das Kinderbettchen von zu Hause mit?<\/h3>\n<p>Nein nein, ein Kinderbettchen mit Netzschutz wird von uns ins Zimmer gestellt. Wenn Sie es w\u00fcnschen,geben wir auch ein NACHTLICHT ins Zimmer und dann, da es in allen Badezimmern eine Duschkabine gibt, was aber nicht alle Kinder m\u00f6gen, stehen f\u00fcr sie auch Waschbecken zum Baden zur Verf\u00fcgung. Sie k\u00f6nnen es direkt beim Zimmerm\u00e4dchen oder an der Rezeption verlangen.<\/p>\n<h3>Gibt es einen Kinderarzt oder einen Notfalldienst?<\/h3>\n<p>Wir w\u00fcnschen nat\u00fcrlich, dass Sie es nicht n\u00f6tig haben, aber wenn es doch so w\u00e4re, gibt es einen Kinderarzt (5 Min. weit) und ein Krankenhaus mit optimaler Kinderabteilung nach wenigen Kilometern.<br \/>\nWenden Sie sich jedenfalls ruhig an die Rezeption, sie wird rund um die Uhr vom Personal bedient, das Sie mit der gew\u00fcnschten Stelle verbinden wird.<\/p>\n<h3>Wird etwas zur Freude der Kinder organisiert?<\/h3>\n<p>Jede Woche wird von den Animateuren auf der Veranda ein ein Fest speziell f\u00fcr Kinder organisiert. Die Kinder werden geschminkt, es wird gespielt, getanzt und es wird viele andere \u00dcberraschungen geben, welche die Animateuren aber verheimlichen wollen.<br \/>\nNebst dieser sehr Spa\u00df machenden Abendunterhaltung organisieren unsere Animateure f\u00fcr die Kinder t\u00e4glich auch verschiedene Aktivit\u00e4ten wie Tanzen, Spielturniere, Zeichnen usw.. Au\u00dferdem gibt es im Hotel und im Schwimmbad-Bereich ausger\u00fcstete Spielecken f\u00fcr die Kleinsten<\/p>\n","protected":false},"excerpt":{"rendered":"<p>Mit Kindern auf Urlaub zu gehen, besonders wenn sie klein sind, bereitet immer ein wenig Sorgen&#8230;. aber nur keine Angst!!! Das Hotel Smeraldo ist ein Family Hotel. Den &#8222;kleinen G\u00e4sten&#8220; gilt unsere besondere Aufmerksamkeit: Spezial &#8211; Kindermen\u00fc Flaschenw\u00e4rmer Gitter f\u00fcr Bettchen Nachtlicht Kindersitze f\u00fcr Fahrr\u00e4der Kindersitze und Hochst\u00fchle im Restaurant Teller, Tassen und kleines Besteck [&hellip;]<\/p>\n","protected":false},"author":4,"featured_media":0,"parent":0,"menu_order":0,"comment_status":"closed","ping_status":"closed","template":"","meta":[],"acf":[],"_links":{"self":[{"href":"https:\/\/hsmeraldo.clienti4.editatest.com\/de\/wp-json\/wp\/v2\/pages\/330"}],"collection":[{"href":"https:\/\/hsmeraldo.clienti4.editatest.com\/de\/wp-json\/wp\/v2\/pages"}],"about":[{"href":"https:\/\/hsmeraldo.clienti4.editatest.com\/de\/wp-json\/wp\/v2\/types\/page"}],"author":[{"embeddable":true,"href":"https:\/\/hsmeraldo.clienti4.editatest.com\/de\/wp-json\/wp\/v2\/users\/4"}],"replies":[{"embeddable":true,"href":"https:\/\/hsmeraldo.clienti4.editatest.com\/de\/wp-json\/wp\/v2\/comments?post=330"}],"version-history":[{"count":0,"href":"https:\/\/hsmeraldo.clienti4.editatest.com\/de\/wp-json\/wp\/v2\/pages\/330\/revisions"}],"wp:attachment":[{"href":"https:\/\/hsmeraldo.clienti4.editatest.com\/de\/wp-json\/wp\/v2\/media?parent=330"}],"curies":[{"name":"wp","href":"https:\/\/api.w.org\/{rel}","templated":true}]}}