{"id":243,"date":"2013-07-09T12:41:08","date_gmt":"2013-07-09T10:41:08","guid":{"rendered":"https:\/\/hsmeraldo.clienti4.editatest.com\/home-2\/"},"modified":"2021-02-16T15:48:41","modified_gmt":"2021-02-16T14:48:41","slug":"home","status":"publish","type":"page","link":"https:\/\/hsmeraldo.clienti4.editatest.com\/fr\/","title":{"rendered":"H\u00f4tel familial All Inclusive \u00e0 Cesenatico"},"content":{"rendered":"<p><strong>VOTRE EXPERIENCE A CESENATICO COMMENCE CHEZ NOUS..<\/strong><\/p>\n<p>Bienvenue \u00e0 L&rsquo;Hotel Smeraldo, situ\u00e9 \u00e0 Valverde de Cesenatico \u00e0 deux pas de la plage.<\/p>\n<p>C&rsquo;est une super choix pour les voyageurs interess\u00e9s a un s\u00e9jour en relax.<\/p>\n<p>Une etablissement a 4 Etoiles, avec un restaurant unique dans son genre&#8230; \u00ab\u00a0Le Front cooking\u00a0\u00bb:<\/p>\n<p>Vous pouvez choisir entre plusieurs entr\u00e9es, plats principaux, viande, poisson, frtuits et desserts.<\/p>\n<p>Tous prepar\u00e9e avec des mati\u00e8res de haute qualit\u00e9.<\/p>\n<p>L&rsquo;hotel dispose \u00e9galement d&rsquo;un exclusif centre relax \u00ab\u00a0Smeraldo\u00a0\u00bb a 50mt de l&rsquo;Hotel, avec une grande piscine rechauff\u00e9e et Jacuzzi, o\u00f9 le relax sera assure!<\/p>\n<p>Alors&#8230;.Venez decouvrir le charme d&rsquo;une vacance chez nous!<\/p>\n","protected":false},"excerpt":{"rendered":"<p>VOTRE EXPERIENCE A CESENATICO COMMENCE CHEZ NOUS.. Bienvenue \u00e0 L&rsquo;Hotel Smeraldo, situ\u00e9 \u00e0 Valverde de Cesenatico \u00e0 deux pas de la plage. C&rsquo;est une super choix pour les voyageurs interess\u00e9s a un s\u00e9jour en relax. Une etablissement a 4 Etoiles, avec un restaurant unique dans son genre&#8230; \u00ab\u00a0Le Front cooking\u00a0\u00bb: Vous pouvez choisir entre plusieurs [&hellip;]<\/p>\n","protected":false},"author":4,"featured_media":0,"parent":0,"menu_order":3,"comment_status":"closed","ping_status":"closed","template":"","meta":[],"acf":[],"_links":{"self":[{"href":"https:\/\/hsmeraldo.clienti4.editatest.com\/fr\/wp-json\/wp\/v2\/pages\/243"}],"collection":[{"href":"https:\/\/hsmeraldo.clienti4.editatest.com\/fr\/wp-json\/wp\/v2\/pages"}],"about":[{"href":"https:\/\/hsmeraldo.clienti4.editatest.com\/fr\/wp-json\/wp\/v2\/types\/page"}],"author":[{"embeddable":true,"href":"https:\/\/hsmeraldo.clienti4.editatest.com\/fr\/wp-json\/wp\/v2\/users\/4"}],"replies":[{"embeddable":true,"href":"https:\/\/hsmeraldo.clienti4.editatest.com\/fr\/wp-json\/wp\/v2\/comments?post=243"}],"version-history":[{"count":0,"href":"https:\/\/hsmeraldo.clienti4.editatest.com\/fr\/wp-json\/wp\/v2\/pages\/243\/revisions"}],"wp:attachment":[{"href":"https:\/\/hsmeraldo.clienti4.editatest.com\/fr\/wp-json\/wp\/v2\/media?parent=243"}],"curies":[{"name":"wp","href":"https:\/\/api.w.org\/{rel}","templated":true}]}}