{"id":247,"date":"2015-03-30T13:52:13","date_gmt":"2015-03-30T11:52:13","guid":{"rendered":"https:\/\/hsmeraldo.clienti4.editatest.com\/hotel-animazione-cesenatico-2\/"},"modified":"2019-08-29T12:11:12","modified_gmt":"2019-08-29T10:11:12","slug":"hotel-animation-cesenatico","status":"publish","type":"page","link":"https:\/\/hsmeraldo.clienti4.editatest.com\/fr\/hotel-animation-cesenatico\/","title":{"rendered":"Cesenatico Vacances: amusant pour les enfants"},"content":{"rendered":"<h2>Il y a aussi le service d&rsquo; Animation !!!<\/h2>\n<p>Touts les jours le staff va vous impliquer avec jeux et activit\u00e9s pour les adultes et les enfants, \u00e0 la Plage, \u00e0 la Piscine et pendant les soir\u00e9es, \u00e0 l&rsquo; Hotel.<\/p>\n\n\t\t<style type='text\/css'>\n\t\t\t#gallery-1 {\n\t\t\t\tmargin: auto;\n\t\t\t}\n\t\t\t#gallery-1 .gallery-item {\n\t\t\t\tfloat: left;\n\t\t\t\tmargin-top: 10px;\n\t\t\t\ttext-align: center;\n\t\t\t\twidth: 50%;\n\t\t\t}\n\t\t\t#gallery-1 img {\n\t\t\t\tborder: 2px solid #cfcfcf;\n\t\t\t}\n\t\t\t#gallery-1 .gallery-caption {\n\t\t\t\tmargin-left: 0;\n\t\t\t}\n\t\t\t\/* see gallery_shortcode() in wp-includes\/media.php *\/\n\t\t<\/style>\n\t\t<div id='gallery-1' class='gallery galleryid-164 gallery-columns-2 gallery-size-large'><dl class='gallery-item'>\n\t\t\t<dt class='gallery-icon landscape'>\n\t\t\t\t<img width=\"800\" height=\"533\" src=\"https:\/\/hsmeraldo.clienti4.editatest.com\/wp-content\/uploads\/2015\/03\/animazione2.jpg\" class=\"attachment-large size-large\" alt=\"Hotel Cesenatico animazione in spiaggia\" loading=\"lazy\" srcset=\"https:\/\/hsmeraldo.clienti4.editatest.com\/wp-content\/uploads\/2015\/03\/animazione2.jpg 800w, https:\/\/hsmeraldo.clienti4.editatest.com\/wp-content\/uploads\/2015\/03\/animazione2-768x512.jpg 768w\" sizes=\"(max-width: 800px) 100vw, 800px\" \/>\n\t\t\t<\/dt><\/dl><dl class='gallery-item'>\n\t\t\t<dt class='gallery-icon landscape'>\n\t\t\t\t<img width=\"800\" height=\"533\" src=\"https:\/\/hsmeraldo.clienti4.editatest.com\/wp-content\/uploads\/2015\/03\/animazione.jpg\" class=\"attachment-large size-large\" alt=\"Animazione in spiaggia Hotel Cesenatico\" loading=\"lazy\" srcset=\"https:\/\/hsmeraldo.clienti4.editatest.com\/wp-content\/uploads\/2015\/03\/animazione.jpg 800w, https:\/\/hsmeraldo.clienti4.editatest.com\/wp-content\/uploads\/2015\/03\/animazione-768x512.jpg 768w\" sizes=\"(max-width: 800px) 100vw, 800px\" \/>\n\t\t\t<\/dt><\/dl><br style=\"clear: both\" \/>\n\t\t<\/div>\n\n","protected":false},"excerpt":{"rendered":"<p>Il y a aussi le service d&rsquo; Animation !!! Touts les jours le staff va vous impliquer avec jeux et activit\u00e9s pour les adultes et les enfants, \u00e0 la Plage, \u00e0 la Piscine et pendant les soir\u00e9es, \u00e0 l&rsquo; Hotel.<\/p>\n","protected":false},"author":4,"featured_media":0,"parent":0,"menu_order":0,"comment_status":"closed","ping_status":"closed","template":"","meta":[],"acf":[],"_links":{"self":[{"href":"https:\/\/hsmeraldo.clienti4.editatest.com\/fr\/wp-json\/wp\/v2\/pages\/247"}],"collection":[{"href":"https:\/\/hsmeraldo.clienti4.editatest.com\/fr\/wp-json\/wp\/v2\/pages"}],"about":[{"href":"https:\/\/hsmeraldo.clienti4.editatest.com\/fr\/wp-json\/wp\/v2\/types\/page"}],"author":[{"embeddable":true,"href":"https:\/\/hsmeraldo.clienti4.editatest.com\/fr\/wp-json\/wp\/v2\/users\/4"}],"replies":[{"embeddable":true,"href":"https:\/\/hsmeraldo.clienti4.editatest.com\/fr\/wp-json\/wp\/v2\/comments?post=247"}],"version-history":[{"count":0,"href":"https:\/\/hsmeraldo.clienti4.editatest.com\/fr\/wp-json\/wp\/v2\/pages\/247\/revisions"}],"wp:attachment":[{"href":"https:\/\/hsmeraldo.clienti4.editatest.com\/fr\/wp-json\/wp\/v2\/media?parent=247"}],"curies":[{"name":"wp","href":"https:\/\/api.w.org\/{rel}","templated":true}]}}