{"id":253,"date":"2015-03-30T14:17:21","date_gmt":"2015-03-30T12:17:21","guid":{"rendered":"https:\/\/hsmeraldo.clienti4.editatest.com\/cesenatico-2\/"},"modified":"2021-02-16T15:55:25","modified_gmt":"2021-02-16T14:55:25","slug":"cesenatico","status":"publish","type":"page","link":"https:\/\/hsmeraldo.clienti4.editatest.com\/fr\/cesenatico\/","title":{"rendered":"Bienvenue \u00e0 Cesenatico , C\u00f4te adriatique"},"content":{"rendered":"<h2>La ville de Cesenatico<\/h2>\n<p>Situ\u00e9e en Romagne \u00e0 20 km environ au nord-ouest de Rimini, est l&rsquo;un des endroits les plus populaires de la c\u00f4te Adriatique. Elle a \u00e9t\u00e9 construite pour donner un acc\u00e8s \u00e0 la mer \u00e0 la <strong>ville de Cesena<\/strong> qui est toute proche: au d\u00e9but du 1500, le grand L\u00e9onard de Vinci a con\u00e7u le travail de renforcement de son port.<\/p>\n<p>Cette grande \u0153uvre est le symbole de la ville qui, avec Zadina, Valverde et Villa Marina, offre 7 km de plage de sable fin, bien am\u00e9nag\u00e9e. Le long de <strong>Porto Canale<\/strong>, vous pourrez admirer le Mus\u00e9e maritime, un mus\u00e9e flottant, le seul dans son genre en Italie: le long du canal sont expos\u00e9s les prototypes des bateaux utilis\u00e9s pour la p\u00eache avant l&rsquo;av\u00e8nement du moteur.<br \/>\nCes <strong>voiliers historiques<\/strong>, haut en couleur, ont des noms pittoresques : Bragozzo, Battana, Bragozzo d&rsquo;altura, Lancia, Trabaccolo da pesca, Topo, Paranza e Barch\u00e8t<\/p>\n<p>La vieille ville entoure le port, avec ses maisons basses de p\u00eacheur, aux couleurs pastel, si typiques : les Conserve, c&rsquo;est \u00e0 dire les glaci\u00e8res pour la conservation du poisson \u00e0 l&rsquo;aide de la neige ou de la glace.<\/p>\n\n\t\t<style type='text\/css'>\n\t\t\t#gallery-1 {\n\t\t\t\tmargin: auto;\n\t\t\t}\n\t\t\t#gallery-1 .gallery-item {\n\t\t\t\tfloat: left;\n\t\t\t\tmargin-top: 10px;\n\t\t\t\ttext-align: center;\n\t\t\t\twidth: 33%;\n\t\t\t}\n\t\t\t#gallery-1 img {\n\t\t\t\tborder: 2px solid #cfcfcf;\n\t\t\t}\n\t\t\t#gallery-1 .gallery-caption {\n\t\t\t\tmargin-left: 0;\n\t\t\t}\n\t\t\t\/* see gallery_shortcode() in wp-includes\/media.php *\/\n\t\t<\/style>\n\t\t<div id='gallery-1' class='gallery galleryid-166 gallery-columns-3 gallery-size-thumbnail'><dl class='gallery-item'>\n\t\t\t<dt class='gallery-icon landscape'>\n\t\t\t\t<a href='https:\/\/hsmeraldo.clienti4.editatest.com\/wp-content\/uploads\/2015\/03\/testata-cesenatico011.jpg' data-size=\"2000x1080\"><img width=\"360\" height=\"270\" src=\"https:\/\/hsmeraldo.clienti4.editatest.com\/wp-content\/uploads\/2015\/03\/testata-cesenatico011-360x270.jpg\" class=\"attachment-thumbnail size-thumbnail\" alt=\"Hotel Smeraldo Porto Cesenatico\" loading=\"lazy\" \/><\/a>\n\t\t\t<\/dt><\/dl><dl class='gallery-item'>\n\t\t\t<dt class='gallery-icon landscape'>\n\t\t\t\t<a href='https:\/\/hsmeraldo.clienti4.editatest.com\/wp-content\/uploads\/2015\/03\/cesenatico-2-big.jpg' data-size=\"650x432\"><img width=\"360\" height=\"270\" src=\"https:\/\/hsmeraldo.clienti4.editatest.com\/wp-content\/uploads\/2015\/03\/cesenatico-2-big-360x270.jpg\" class=\"attachment-thumbnail size-thumbnail\" alt=\"Hotel Smeraldo Spiaggia Cesenatico\" loading=\"lazy\" \/><\/a>\n\t\t\t<\/dt><\/dl><dl class='gallery-item'>\n\t\t\t<dt class='gallery-icon landscape'>\n\t\t\t\t<a href='https:\/\/hsmeraldo.clienti4.editatest.com\/wp-content\/uploads\/2015\/03\/cesenatico-3-big.jpg' data-size=\"500x338\"><img width=\"360\" height=\"270\" src=\"https:\/\/hsmeraldo.clienti4.editatest.com\/wp-content\/uploads\/2015\/03\/cesenatico-3-big-360x270.jpg\" class=\"attachment-thumbnail size-thumbnail\" alt=\"Hotel Smeraldo Notte Rosa Cesenatico\" loading=\"lazy\" \/><\/a>\n\t\t\t<\/dt><\/dl><br style=\"clear: both\" \/>\n\t\t<\/div>\n\n<p>Cesenatico vous offre une multitude d&rsquo;activit\u00e9s sportives et vous propose des chambres modernes et confortables, avec le sens de l&rsquo;hospitalit\u00e9 propre aux Romagnoles et une gastronomie c\u00e9l\u00e8bre et abondante. Bref, Cesenatico poss\u00e8de tous les ingr\u00e9dients pour des <strong>vacances sur la c\u00f4te Adriatique<\/strong>.<\/p>\n<p>La course de <strong>v\u00e9lo Nove Colli<\/strong> m\u00e9rite une mention sp\u00e9ciale. Arriv\u00e9e \u00e0 sa 42\u00e8me \u00e9dition, elle attire, depuis 1970, les plus grands sportifs de la bicyclette originaires de toutes les parties de l\u2019Europe. Plus de 200 km d&rsquo;un voyage fascinant \u00e0 travers l&rsquo;arri\u00e8re-pays de la <strong>Romagne et les Apennins<\/strong>.<\/p>\n<h3>\u00c0 ne pas manquer<\/h3>\n<p>Une visite \u00e0 la maison natale de l&rsquo;\u00e9crivain <strong>Marino Moretti<\/strong>, devenue un centre d\u2019\u00e9tude de la litt\u00e9rature italienne. Le manoir abrite une biblioth\u00e8que, des manuscrits du po\u00e8te et un grand nombre de lettres.<br \/>\nConcerts en soir\u00e9e dans la s\u00e9rie \u00ab\u00a0<strong>Notturni alle Conserve<\/strong>\u00ab\u00a0, qui ont lieu en plein air dans le cadre magique et \u00e9vocateur de la place \u00ab Piazza delle Conserve \u00bb.<br \/>\nConcerti all\u2019alba, le festival de musique classique, de jazz, de blues et de swing pr\u00e9vu pour les mois de Juillet et Ao\u00fbt. Le dimanche matin \u00e0 6 heures.<br \/>\n<strong>Mercato dei Puffi (Le march\u00e9 des Schtroumpfs)<\/strong>, o\u00f9 les plus petits pourront vendre des jouets et des bandes dessin\u00e9es. Tous les mercredis les mois de juillet et ao\u00fbt.<\/p>\n","protected":false},"excerpt":{"rendered":"<p>La ville de Cesenatico Situ\u00e9e en Romagne \u00e0 20 km environ au nord-ouest de Rimini, est l&rsquo;un des endroits les plus populaires de la c\u00f4te Adriatique. Elle a \u00e9t\u00e9 construite pour donner un acc\u00e8s \u00e0 la mer \u00e0 la ville de Cesena qui est toute proche: au d\u00e9but du 1500, le grand L\u00e9onard de Vinci [&hellip;]<\/p>\n","protected":false},"author":4,"featured_media":0,"parent":0,"menu_order":0,"comment_status":"closed","ping_status":"closed","template":"","meta":[],"acf":[],"_links":{"self":[{"href":"https:\/\/hsmeraldo.clienti4.editatest.com\/fr\/wp-json\/wp\/v2\/pages\/253"}],"collection":[{"href":"https:\/\/hsmeraldo.clienti4.editatest.com\/fr\/wp-json\/wp\/v2\/pages"}],"about":[{"href":"https:\/\/hsmeraldo.clienti4.editatest.com\/fr\/wp-json\/wp\/v2\/types\/page"}],"author":[{"embeddable":true,"href":"https:\/\/hsmeraldo.clienti4.editatest.com\/fr\/wp-json\/wp\/v2\/users\/4"}],"replies":[{"embeddable":true,"href":"https:\/\/hsmeraldo.clienti4.editatest.com\/fr\/wp-json\/wp\/v2\/comments?post=253"}],"version-history":[{"count":0,"href":"https:\/\/hsmeraldo.clienti4.editatest.com\/fr\/wp-json\/wp\/v2\/pages\/253\/revisions"}],"wp:attachment":[{"href":"https:\/\/hsmeraldo.clienti4.editatest.com\/fr\/wp-json\/wp\/v2\/media?parent=253"}],"curies":[{"name":"wp","href":"https:\/\/api.w.org\/{rel}","templated":true}]}}