{"id":263,"date":"2015-03-30T13:22:32","date_gmt":"2015-03-30T11:22:32","guid":{"rendered":"https:\/\/hsmeraldo.clienti4.editatest.com\/all-inclusive-hotel-cesenatico-2\/"},"modified":"2021-04-22T09:40:49","modified_gmt":"2021-04-22T07:40:49","slug":"hotel-tout-compris-cesenatico","status":"publish","type":"page","link":"https:\/\/hsmeraldo.clienti4.editatest.com\/fr\/hotel-tout-compris-cesenatico\/","title":{"rendered":"Notre formule vacance All Inclusive et Plage"},"content":{"rendered":"<table class=\"listino\" style=\"width: 698px;height: 412px\">\n<tbody>\n<tr style=\"height: 388.438px\">\n<td style=\"width: 358px;height: 412px\">\n<ul>\n<li><b>A votre choix: pension compl\u00e8te, demi-pension et chambre et petite d\u00e9jeuner\u00a0<\/b><\/li>\n<li><strong>Boisson \u00e0 volont\u00e9<\/strong> ( eau naturelle et gazeuse , vin blanc et rouge, orange, cola) pendant les repas<\/li>\n<li>Notre centre relax \u00ab\u00a0Smeraldo\u00a0\u00bb, qui se trouve \u00e0 seul 50 m\u00e8tres de l\u2019Hotel, avec notre <strong>piscines priv\u00e9es chauff\u00e9es<\/strong>: une piscine pour les enfants, une piscine pour les adultes et la Jacuzzi. Grande Terrasse\/solarium avec climatisation pour l\u2019 ext\u00e9rieur. Espace fitness avec \u00e9quipement d&rsquo;exercice. Snack Bar avec tables. Vestiaires, WC, douches et Espace avec jeux pour les enfants.<\/li>\n<\/ul>\n<\/td>\n<td style=\"width: 324px;height: 412px\">\n<ul>\n<li>Programme d&rsquo; <strong>animation quotidienne<\/strong> pour les enfants pendant la journ\u00e9e<\/li>\n<li>Ap\u00e9ritif sp\u00e9cial le dimanche<\/li>\n<li><strong>D\u00eener typique<\/strong> \u00ab\u00a0Romagnolo\u00a0\u00bb<\/li>\n<li>Espace de jeux avec <strong>X-Box,\u00a0baby foot, tennis de table<\/strong><\/li>\n<li><strong>Serviettes de plage\u00a0<\/strong><\/li>\n<li><strong>V\u00e9los<\/strong> avec si\u00e8ges b\u00e9b\u00e9s<\/li>\n<li><strong>Parking priv\u00e9<\/strong> (\u00e0 150 m\u00e8tres de l\u2019Hotel)<\/li>\n<li>Internet <strong>WI-FI <\/strong>dans l&rsquo;Hotel et \u00e0 la piscine<\/li>\n<\/ul>\n<\/td>\n<\/tr>\n<\/tbody>\n<\/table>\n<h3>Offre pour Enfants<\/h3>\n<ul>\n<li>Enfants (0-2 ans) en chambre avec 2 adultes = \u00a0<strong>GRATIS<\/strong> ( 1 enfant gratuit )<\/li>\n<li>Enfants (3-4 ans)\u00a0 (2 adultes avec un enfant ) = \u00a0&#8211; 70% (sauf le mois d&rsquo;aout )<\/li>\n<li>Enfants (5-14 ans) en chambre avec 2 adultes= \u00a0&#8211; 50%<\/li>\n<\/ul>\n<h3>Formule OPEN BAR<\/h3>\n<p>Tout les boissons de la caf\u00e9terie et les boissons sans alcool \u00e0 pression au bar de l&rsquo; Hotel et au bar de la piscine = + \u20ac 8,00 par jour par adulte et + \u20ac 4,00 par jour par enfant (4-14 ans)<\/p>\n<h3>Sp\u00e9ciale Famille<\/h3>\n<p>4 Personnes = 3 payantes<\/p>\n<h3>Sp\u00e9cial \u00ab\u00a0Parents seuls\u00a0\u00bb<\/h3>\n<p>Un enfant (0- 14 ans) en chambre avec un seul adulte il aurait toujours la r\u00e9duction du 50% (min. 7 jours; sauf mois d&rsquo; Ao\u00fbt)<\/p>\n<h3>Suppl\u00e9ments et r\u00e9ductions<\/h3>\n<p>D\u00e9mi-pension =\u00a0 &#8211; \u20ac 5,00<br \/>\nR\u00e9duction 3\u00b0 lit pour adulte =\u00a0 &#8211; 20%<br \/>\nChambre double pour une personne seule = + 50% (sauf mois d&rsquo; Ao\u00fbt)<br \/>\nChambre \u00ab\u00a0Romantique\u00a0\u00bb\u00a0= +\u00a0\u20ac. 20,00 par jour ( min. 3 personnes payantes)<\/p>\n<p>&nbsp;<\/p>\n","protected":false},"excerpt":{"rendered":"<p>A votre choix: pension compl\u00e8te, demi-pension et chambre et petite d\u00e9jeuner\u00a0 Boisson \u00e0 volont\u00e9 ( eau naturelle et gazeuse , vin blanc et rouge, orange, cola) pendant les repas Notre centre relax \u00ab\u00a0Smeraldo\u00a0\u00bb, qui se trouve \u00e0 seul 50 m\u00e8tres de l\u2019Hotel, avec notre piscines priv\u00e9es chauff\u00e9es: une piscine pour les enfants, une piscine pour [&hellip;]<\/p>\n","protected":false},"author":4,"featured_media":0,"parent":0,"menu_order":0,"comment_status":"closed","ping_status":"closed","template":"","meta":[],"acf":[],"_links":{"self":[{"href":"https:\/\/hsmeraldo.clienti4.editatest.com\/fr\/wp-json\/wp\/v2\/pages\/263"}],"collection":[{"href":"https:\/\/hsmeraldo.clienti4.editatest.com\/fr\/wp-json\/wp\/v2\/pages"}],"about":[{"href":"https:\/\/hsmeraldo.clienti4.editatest.com\/fr\/wp-json\/wp\/v2\/types\/page"}],"author":[{"embeddable":true,"href":"https:\/\/hsmeraldo.clienti4.editatest.com\/fr\/wp-json\/wp\/v2\/users\/4"}],"replies":[{"embeddable":true,"href":"https:\/\/hsmeraldo.clienti4.editatest.com\/fr\/wp-json\/wp\/v2\/comments?post=263"}],"version-history":[{"count":0,"href":"https:\/\/hsmeraldo.clienti4.editatest.com\/fr\/wp-json\/wp\/v2\/pages\/263\/revisions"}],"wp:attachment":[{"href":"https:\/\/hsmeraldo.clienti4.editatest.com\/fr\/wp-json\/wp\/v2\/media?parent=263"}],"curies":[{"name":"wp","href":"https:\/\/api.w.org\/{rel}","templated":true}]}}