{"id":276,"date":"2015-03-30T13:58:23","date_gmt":"2015-03-30T11:58:23","guid":{"rendered":"https:\/\/hsmeraldo.clienti4.editatest.com\/camere-hotel-cesenatico-2\/"},"modified":"2022-02-21T11:34:01","modified_gmt":"2022-02-21T10:34:01","slug":"chambre-hotel-cesenatico","status":"publish","type":"page","link":"https:\/\/hsmeraldo.clienti4.editatest.com\/fr\/chambre-hotel-cesenatico\/","title":{"rendered":"Chambres familiales et Suite \u00e0 Cesenatico"},"content":{"rendered":"<h2>Chambres \u00e9quip\u00e9e de tout confort et donc accueillantes et confortables<\/h2>\n<p>Nos chambres vous donnent\u00a0le maximum de d\u00e9tente et de tranquillit\u00e9 que vous d\u00e9sirez pendant votre s\u00e9jour \u00e0 Cesenatico.<br \/>\nLes\u00a0chambres, toutes r\u00e9nov\u00e9es, \u00a0vous offrent tous les\u00a0services suivantes sans suppl\u00e9ment:<\/p>\n<ul>\n<li>Ouverture par carte magn\u00e9tique<\/li>\n<li>Climatisation<\/li>\n<li>TV SAT Led<\/li>\n<li>Coffre-fort<\/li>\n<li>Balcon<\/li>\n<li>T\u00e9l\u00e9phone<\/li>\n<li>Frigobar<\/li>\n<li>Salle de bains avec douche<\/li>\n<\/ul>\n<p>&nbsp;<\/p>\n<p><strong>Chambre CLASSIQUE:<\/strong><\/p>\n<p>toutes r\u00e9nov\u00e9es, sont divis\u00e9es en chambres doubles, triples et quadruples avec lits superpos\u00e9s et ont une superficie d&rsquo;environ <strong>13 m\u00e8tres carr\u00e9s<\/strong> + salle de bain + balcon<\/p>\n\n\t\t<style type='text\/css'>\n\t\t\t#gallery-1 {\n\t\t\t\tmargin: auto;\n\t\t\t}\n\t\t\t#gallery-1 .gallery-item {\n\t\t\t\tfloat: left;\n\t\t\t\tmargin-top: 10px;\n\t\t\t\ttext-align: center;\n\t\t\t\twidth: 33%;\n\t\t\t}\n\t\t\t#gallery-1 img {\n\t\t\t\tborder: 2px solid #cfcfcf;\n\t\t\t}\n\t\t\t#gallery-1 .gallery-caption {\n\t\t\t\tmargin-left: 0;\n\t\t\t}\n\t\t\t\/* see gallery_shortcode() in wp-includes\/media.php *\/\n\t\t<\/style>\n\t\t<div id='gallery-1' class='gallery galleryid-165 gallery-columns-3 gallery-size-thumbnail'><dl class='gallery-item'>\n\t\t\t<dt class='gallery-icon landscape'>\n\t\t\t\t<a href='https:\/\/hsmeraldo.clienti4.editatest.com\/wp-content\/uploads\/2015\/03\/camera_doppia2-7-jpg.jpg' data-size=\"800x533\"><img width=\"360\" height=\"270\" src=\"https:\/\/hsmeraldo.clienti4.editatest.com\/wp-content\/uploads\/2015\/03\/camera_doppia2-7-jpg-360x270.jpg\" class=\"attachment-thumbnail size-thumbnail\" alt=\"Hotel Cesenatico Camera Doppia\" loading=\"lazy\" \/><\/a>\n\t\t\t<\/dt><\/dl><dl class='gallery-item'>\n\t\t\t<dt class='gallery-icon landscape'>\n\t\t\t\t<a href='https:\/\/hsmeraldo.clienti4.editatest.com\/wp-content\/uploads\/2015\/03\/camera-tripla-2-big.jpg' data-size=\"899x600\"><img width=\"360\" height=\"270\" src=\"https:\/\/hsmeraldo.clienti4.editatest.com\/wp-content\/uploads\/2015\/03\/camera-tripla-2-big-360x270.jpg\" class=\"attachment-thumbnail size-thumbnail\" alt=\"Hotel Smeraldo camera tripla Cesenatico\" loading=\"lazy\" \/><\/a>\n\t\t\t<\/dt><\/dl><dl class='gallery-item'>\n\t\t\t<dt class='gallery-icon landscape'>\n\t\t\t\t<a href='https:\/\/hsmeraldo.clienti4.editatest.com\/wp-content\/uploads\/2015\/03\/bagno_cameradoppia9.jpg' data-size=\"800x533\"><img width=\"360\" height=\"270\" src=\"https:\/\/hsmeraldo.clienti4.editatest.com\/wp-content\/uploads\/2015\/03\/bagno_cameradoppia9-360x270.jpg\" class=\"attachment-thumbnail size-thumbnail\" alt=\"Hotel Smeraldo Cesenatico bagno in camera\" loading=\"lazy\" \/><\/a>\n\t\t\t<\/dt><\/dl><br style=\"clear: both\" \/>\n\t\t<\/div>\n\n<p>&nbsp;<\/p>\n<p><strong>CLASSIC PLUS ROOM:<\/strong><\/p>\n<p>toutes r\u00e9nov\u00e9es, elles sont propos\u00e9es en chambres doubles, triples et quadruples avec lits superpos\u00e9s et ont une surface au sol d&rsquo;environ <strong>14 m\u00e8tres carr\u00e9s<\/strong> + salle de bain + balcon<\/p>\n\n\t\t<style type='text\/css'>\n\t\t\t#gallery-2 {\n\t\t\t\tmargin: auto;\n\t\t\t}\n\t\t\t#gallery-2 .gallery-item {\n\t\t\t\tfloat: left;\n\t\t\t\tmargin-top: 10px;\n\t\t\t\ttext-align: center;\n\t\t\t\twidth: 33%;\n\t\t\t}\n\t\t\t#gallery-2 img {\n\t\t\t\tborder: 2px solid #cfcfcf;\n\t\t\t}\n\t\t\t#gallery-2 .gallery-caption {\n\t\t\t\tmargin-left: 0;\n\t\t\t}\n\t\t\t\/* see gallery_shortcode() in wp-includes\/media.php *\/\n\t\t<\/style>\n\t\t<div id='gallery-2' class='gallery galleryid-165 gallery-columns-3 gallery-size-thumbnail'><dl class='gallery-item'>\n\t\t\t<dt class='gallery-icon landscape'>\n\t\t\t\t<a href='https:\/\/hsmeraldo.clienti4.editatest.com\/wp-content\/uploads\/2022\/02\/camera-plus-x-2.jpg' data-size=\"700x400\"><img width=\"360\" height=\"270\" src=\"https:\/\/hsmeraldo.clienti4.editatest.com\/wp-content\/uploads\/2022\/02\/camera-plus-x-2-360x270.jpg\" class=\"attachment-thumbnail size-thumbnail\" alt=\"\" loading=\"lazy\" \/><\/a>\n\t\t\t<\/dt><\/dl><dl class='gallery-item'>\n\t\t\t<dt class='gallery-icon landscape'>\n\t\t\t\t<a href='https:\/\/hsmeraldo.clienti4.editatest.com\/wp-content\/uploads\/2022\/02\/classic-plus-3-pax.jpg' data-size=\"700x400\"><img width=\"360\" height=\"270\" src=\"https:\/\/hsmeraldo.clienti4.editatest.com\/wp-content\/uploads\/2022\/02\/classic-plus-3-pax-360x270.jpg\" class=\"attachment-thumbnail size-thumbnail\" alt=\"\" loading=\"lazy\" \/><\/a>\n\t\t\t<\/dt><\/dl><dl class='gallery-item'>\n\t\t\t<dt class='gallery-icon landscape'>\n\t\t\t\t<a href='https:\/\/hsmeraldo.clienti4.editatest.com\/wp-content\/uploads\/2015\/03\/bagno-tripla.jpg' data-size=\"800x533\"><img width=\"360\" height=\"270\" src=\"https:\/\/hsmeraldo.clienti4.editatest.com\/wp-content\/uploads\/2015\/03\/bagno-tripla-360x270.jpg\" class=\"attachment-thumbnail size-thumbnail\" alt=\"Hotel Smeraldo Cesenatico camera tripla bagno\" loading=\"lazy\" \/><\/a>\n\t\t\t<\/dt><\/dl><br style=\"clear: both\" \/>\n\t\t<\/div>\n\n<p>&nbsp;<\/p>\n<p><strong>FAMILY SUPERIOR ROOM<\/strong><\/p>\n<p>avec un lit double et deux lits simples dont un devient un lit superpos\u00e9 si n\u00e9cessaire pour les familles nombreuses<\/p>\n<p>R\u00e9nov\u00e9es et lumineuses, elles ont une surface au sol de <strong>15 m\u00b2<\/strong> + salle de bain + balcon<\/p>\n\n\t\t<style type='text\/css'>\n\t\t\t#gallery-3 {\n\t\t\t\tmargin: auto;\n\t\t\t}\n\t\t\t#gallery-3 .gallery-item {\n\t\t\t\tfloat: left;\n\t\t\t\tmargin-top: 10px;\n\t\t\t\ttext-align: center;\n\t\t\t\twidth: 33%;\n\t\t\t}\n\t\t\t#gallery-3 img {\n\t\t\t\tborder: 2px solid #cfcfcf;\n\t\t\t}\n\t\t\t#gallery-3 .gallery-caption {\n\t\t\t\tmargin-left: 0;\n\t\t\t}\n\t\t\t\/* see gallery_shortcode() in wp-includes\/media.php *\/\n\t\t<\/style>\n\t\t<div id='gallery-3' class='gallery galleryid-165 gallery-columns-3 gallery-size-thumbnail'><dl class='gallery-item'>\n\t\t\t<dt class='gallery-icon landscape'>\n\t\t\t\t<a href='https:\/\/hsmeraldo.clienti4.editatest.com\/wp-content\/uploads\/2015\/03\/quadrupla2.jpg' data-size=\"800x533\"><img width=\"360\" height=\"270\" src=\"https:\/\/hsmeraldo.clienti4.editatest.com\/wp-content\/uploads\/2015\/03\/quadrupla2-360x270.jpg\" class=\"attachment-thumbnail size-thumbnail\" alt=\"Hotel Smeraldo Cesenatico camere grandi quadruple\" loading=\"lazy\" \/><\/a>\n\t\t\t<\/dt><\/dl><dl class='gallery-item'>\n\t\t\t<dt class='gallery-icon landscape'>\n\t\t\t\t<a href='https:\/\/hsmeraldo.clienti4.editatest.com\/wp-content\/uploads\/2015\/03\/quadruplabagno.jpg' data-size=\"800x533\"><img width=\"360\" height=\"270\" src=\"https:\/\/hsmeraldo.clienti4.editatest.com\/wp-content\/uploads\/2015\/03\/quadruplabagno-360x270.jpg\" class=\"attachment-thumbnail size-thumbnail\" alt=\"Hotel Smeraldo Cesenatico bagno in camera grande\" loading=\"lazy\" \/><\/a>\n\t\t\t<\/dt><\/dl><dl class='gallery-item'>\n\t\t\t<dt class='gallery-icon landscape'>\n\t\t\t\t<a href='https:\/\/hsmeraldo.clienti4.editatest.com\/wp-content\/uploads\/2022\/02\/classic-pls-3-pax.jpg' data-size=\"700x400\"><img width=\"360\" height=\"270\" src=\"https:\/\/hsmeraldo.clienti4.editatest.com\/wp-content\/uploads\/2022\/02\/classic-pls-3-pax-360x270.jpg\" class=\"attachment-thumbnail size-thumbnail\" alt=\"\" loading=\"lazy\" \/><\/a>\n\t\t\t<\/dt><\/dl><br style=\"clear: both\" \/>\n\t\t<\/div>\n\n<p>&nbsp;<\/p>\n<p><strong>CHAMBRE ROMANTIQUE<\/strong><\/p>\n<p>Il se distingue par la particularit\u00e9 du lit double \u00e0 baldaquin<\/p>\n<p>Il dispose \u00e9galement d&rsquo;un lit simple qui, si n\u00e9cessaire, devient un lit superpos\u00e9 et a une superficie de <strong>15 m\u00e8tres carr\u00e9s<\/strong> + salle de bain + balcon<\/p>\n<p>&nbsp;<\/p>\n\n\t\t<style type='text\/css'>\n\t\t\t#gallery-4 {\n\t\t\t\tmargin: auto;\n\t\t\t}\n\t\t\t#gallery-4 .gallery-item {\n\t\t\t\tfloat: left;\n\t\t\t\tmargin-top: 10px;\n\t\t\t\ttext-align: center;\n\t\t\t\twidth: 33%;\n\t\t\t}\n\t\t\t#gallery-4 img {\n\t\t\t\tborder: 2px solid #cfcfcf;\n\t\t\t}\n\t\t\t#gallery-4 .gallery-caption {\n\t\t\t\tmargin-left: 0;\n\t\t\t}\n\t\t\t\/* see gallery_shortcode() in wp-includes\/media.php *\/\n\t\t<\/style>\n\t\t<div id='gallery-4' class='gallery galleryid-165 gallery-columns-3 gallery-size-thumbnail'><dl class='gallery-item'>\n\t\t\t<dt class='gallery-icon landscape'>\n\t\t\t\t<a href='https:\/\/hsmeraldo.clienti4.editatest.com\/wp-content\/uploads\/2015\/03\/romantica.jpg' data-size=\"800x533\"><img width=\"360\" height=\"270\" src=\"https:\/\/hsmeraldo.clienti4.editatest.com\/wp-content\/uploads\/2015\/03\/romantica-360x270.jpg\" class=\"attachment-thumbnail size-thumbnail\" alt=\"Hotel Smeraldo Cesenatico camera rosa\" loading=\"lazy\" \/><\/a>\n\t\t\t<\/dt><\/dl><dl class='gallery-item'>\n\t\t\t<dt class='gallery-icon landscape'>\n\t\t\t\t<a href='https:\/\/hsmeraldo.clienti4.editatest.com\/wp-content\/uploads\/2015\/03\/romantica2.jpg' data-size=\"800x533\"><img width=\"360\" height=\"270\" src=\"https:\/\/hsmeraldo.clienti4.editatest.com\/wp-content\/uploads\/2015\/03\/romantica2-360x270.jpg\" class=\"attachment-thumbnail size-thumbnail\" alt=\"Hotel Smeraldo Cesenatico Camere\" loading=\"lazy\" \/><\/a>\n\t\t\t<\/dt><\/dl><dl class='gallery-item'>\n\t\t\t<dt class='gallery-icon landscape'>\n\t\t\t\t<a href='https:\/\/hsmeraldo.clienti4.editatest.com\/wp-content\/uploads\/2015\/03\/bagnoromantica.jpg' data-size=\"800x533\"><img width=\"360\" height=\"270\" src=\"https:\/\/hsmeraldo.clienti4.editatest.com\/wp-content\/uploads\/2015\/03\/bagnoromantica-360x270.jpg\" class=\"attachment-thumbnail size-thumbnail\" alt=\"Hotel Smeraldo Cesenatico Bagno in camera\" loading=\"lazy\" \/><\/a>\n\t\t\t<\/dt><\/dl><br style=\"clear: both\" \/>\n\t\t<\/div>\n\n<p>&nbsp;<\/p>\n<p>&nbsp;<\/p>\n","protected":false},"excerpt":{"rendered":"<p>Chambres \u00e9quip\u00e9e de tout confort et donc accueillantes et confortables Nos chambres vous donnent\u00a0le maximum de d\u00e9tente et de tranquillit\u00e9 que vous d\u00e9sirez pendant votre s\u00e9jour \u00e0 Cesenatico. Les\u00a0chambres, toutes r\u00e9nov\u00e9es, \u00a0vous offrent tous les\u00a0services suivantes sans suppl\u00e9ment: Ouverture par carte magn\u00e9tique Climatisation TV SAT Led Coffre-fort Balcon T\u00e9l\u00e9phone Frigobar Salle de bains avec douche [&hellip;]<\/p>\n","protected":false},"author":4,"featured_media":0,"parent":0,"menu_order":0,"comment_status":"closed","ping_status":"closed","template":"","meta":[],"acf":[],"_links":{"self":[{"href":"https:\/\/hsmeraldo.clienti4.editatest.com\/fr\/wp-json\/wp\/v2\/pages\/276"}],"collection":[{"href":"https:\/\/hsmeraldo.clienti4.editatest.com\/fr\/wp-json\/wp\/v2\/pages"}],"about":[{"href":"https:\/\/hsmeraldo.clienti4.editatest.com\/fr\/wp-json\/wp\/v2\/types\/page"}],"author":[{"embeddable":true,"href":"https:\/\/hsmeraldo.clienti4.editatest.com\/fr\/wp-json\/wp\/v2\/users\/4"}],"replies":[{"embeddable":true,"href":"https:\/\/hsmeraldo.clienti4.editatest.com\/fr\/wp-json\/wp\/v2\/comments?post=276"}],"version-history":[{"count":0,"href":"https:\/\/hsmeraldo.clienti4.editatest.com\/fr\/wp-json\/wp\/v2\/pages\/276\/revisions"}],"wp:attachment":[{"href":"https:\/\/hsmeraldo.clienti4.editatest.com\/fr\/wp-json\/wp\/v2\/media?parent=276"}],"curies":[{"name":"wp","href":"https:\/\/api.w.org\/{rel}","templated":true}]}}