{"id":288,"date":"2015-03-30T14:26:14","date_gmt":"2015-03-30T12:26:14","guid":{"rendered":"https:\/\/hsmeraldo.clienti4.editatest.com\/parchi-divertimento-romagna-2\/"},"modified":"2016-05-11T14:52:01","modified_gmt":"2016-05-11T12:52:01","slug":"parks","status":"publish","type":"page","link":"https:\/\/hsmeraldo.clienti4.editatest.com\/fr\/parks\/","title":{"rendered":"Parc d&rsquo;attractions sur la c\u00f4te Adriatique de l&rsquo;Italie"},"content":{"rendered":"<h2>Parc aquatique Atlantica &#8211; Cesenatico<\/h2>\n<p>Atlantique est le plus grand parc aquatique de Cesenatico et couvre une superficie de plus de 100.000 m\u00e8tres carr\u00e9s de piscines, de verts et salle de bains.<br \/>\nLe parc aquatique offre du plaisir pour tous les go\u00fbts et pour tous les groupes d&rsquo;\u00e2ge: les jours sont anim\u00e9s par des f\u00eates et des spectacles, des danses, des animations et des s\u00e9ances d&rsquo;aquagym. Pour un repas rapide ou complet vous pouvez choisir parmi une vari\u00e9t\u00e9 d&rsquo;offres: \u00e0 l&rsquo;int\u00e9rieur du parc il ya une pizzeria, un snack-bar, une cafeteria, un salon de cr\u00e8me glac\u00e9e et un bonbon point. A l&rsquo;int\u00e9rieur de la boutique vous pouvez acheter tous les gadgets du parc ainsi que des articles li\u00e9s \u00e0 l&rsquo;activit\u00e9 de la plage.<\/p>\n<p>Website: www.atlanticacesenatico.com<br \/>\nT\u00e9l\u00e9phone +39.340.3492425<br \/>\nEmail: info@atlanticacesenatico.com<\/p>\n<h3>Italie en Miniature &#8211; Visarba Rimini<\/h3>\n<p>Italie en Miniature est un parc \u00e0 th\u00e8me \u00e9ducative situ\u00e9 \u00e0 Viserba de Rimini.<br \/>\nLe parc offre la reproduction \u00e0 l&rsquo;\u00e9chelle de nombreux monuments italiens et europ\u00e9ens, et combine plaisir et apprentissage. L&rsquo;attraction principale est repr\u00e9sent\u00e9e par le chemin de miniatures, qui compte 272 monuments et couvre une superficie de 85.000 m\u00e8tres carr\u00e9s d\u00e9cor\u00e9s avec 10.000 plantes, la plupart bonsa\u00ef. Dans le parc vous pouvez surfer sur le Grand Canal en gondole, d\u00e9couvrir la physique au Luna Park de la Science, s\u2019 amuser avec des attractions comme le cano\u00eb ou Sling Shot ou tourner tout le parc au bord d\u2019 un petit train.<\/p>\n<p>Website: www.italiainminiatura.it<br \/>\nT\u00e9l\u00e9phone: 0541.736.736<br \/>\nEmail: info@italiainminiatura.com<\/p>\n<h3>Mirabilandia &#8211; Ravenna<\/h3>\n<p>Mirabilandia, l&rsquo;un des plus grands parcs d&rsquo;attractions de l&rsquo;Italie, est divis\u00e9e en sept domaines th\u00e9matiques qui se d\u00e9veloppent autour d&rsquo;un lac central. Le parc , entour\u00e9 de verdure, offre de nombreuses attractions pour tous les go\u00fbts et certains vraiment passionnant et unique en Italie. Parmi les principaux il ya un Katun, le coaster invers\u00e9 le plus \u00e9lev\u00e9 en Europe, et Mirabilandia Beach, un joulie parc aquatique.<\/p>\n<p>Website: www.mirabilandia.it<br \/>\nEmail: mirabilandia@mirabilandia.it<br \/>\nT\u00e9l\u00e9phone: 0544.561111 &#8211; Fax: 0544.560195<\/p>\n<h3>Fiabilandia &#8211; Rivazzurra di Rimini<\/h3>\n<p>Fiabilandia est un parc d&rsquo;attractions sp\u00e9cialement pour les enfants.<br \/>\nLe parc est construit autour du lac Bernard et se divise en cinq grands domaines th\u00e9matiques: M\u00e9di\u00e9val, de l&rsquo;Est, The Pirate Bay, le Magic Village et le Far West. Entre man\u00e8ges et des spectacles, Fiabilandia offre aux visiteurs plus de 30 attractions dans les mondes imaginaires et inspir\u00e9 aux f\u00e9es les plus c\u00e9l\u00e8bres. Fiabilandia offre aux visiteurs de nombreux restaurants, un restaurant self-service et certaines zones de pique-nique.<\/p>\n<p>Website: www.fiabilandia.it<br \/>\nT\u00e9l\u00e9phone 0541.372064<br \/>\nEmail: fiabilandia@fiabilandia.it<\/p>\n<h3>Oltremare &#8211; Riccione<\/h3>\n<p>Le Parc Oltremare permet aux visiteurs de d\u00e9couvrir le monde sous-marin fascinant et couvre une superficie de plus de 110.000 m\u00e8tres carr\u00e9s. Le parc accueille des personnes de tous \u00e2ges, \u00e0 travers ses attractions et spectacles. Parmi les principales attractions sont: le cin\u00e9ma Imax, Ocean Planet, Earth Planet, le Delta, le vol des oiseaux rapaces, Hippocampus, Darwin, l&rsquo;\u00eele d&rsquo;Ulysse et bien d&rsquo;autres.<\/p>\n<p>Website: www.oltremare.org<br \/>\nT\u00e9l\u00e9phone 054.14271<br \/>\nEmail: info@oltremare.org<\/p>\n<h3>Parc aquatique Aquafan &#8211; Riccione<\/h3>\n<p>Avec plus de 600.000 visiteurs chaque saison, Aquafan est maintenant consid\u00e9r\u00e9 comme le parc aquatique le plus visit\u00e9 d&rsquo;Italie et l&rsquo;un des parcs aquatiques les plus c\u00e9l\u00e8bres d&rsquo;Europe.<br \/>\nConstruit sur la c\u00e9l\u00e8bre colline de Riccione, Parc aquatique Aquafan occupe une superficie de plus de 150.000 m\u00e8tres carr\u00e9s de piscines, espaces verts, services et parking. Le parc propose toutes sortes de plaisirs aquatiques: toboggans, piscine \u00e0 vagues, rivi\u00e8re lente et rapide, piscines pour enfants \u00e0 th\u00e8me, les bains tourbillons, plusieurs spectacles et des moments amusantes d&rsquo;animation.<\/p>\n<p>Website: www.aquafan.it<br \/>\nT\u00e9l\u00e9phone 0541.603050<br \/>\nEmail: info@aquafan.it<\/p>\n<h3>Acquarium Le Navi &#8211; Cattolica<\/h3>\n<p>L&rsquo;Aquarium Le Navi de Cattolica est le plus grand aquarium dans l&rsquo;Adriatique et couvre une superficie de plus de 110.000 m\u00e8tres carr\u00e9s. Long du chemin, enti\u00e8rement couvert, l&rsquo;aquarium peut d\u00e9couvrir plus de 3000 esp\u00e8ces h\u00e9berg\u00e9es dans 100 grandes vitrines.<\/p>\n<p>Website: www.acquariodicattolica.it<br \/>\nT\u00e9l\u00e9phone: +39 0541.8371<br \/>\nEmail: booking@acquariodicattolica.it<\/p>\n","protected":false},"excerpt":{"rendered":"<p>Parc aquatique Atlantica &#8211; Cesenatico Atlantique est le plus grand parc aquatique de Cesenatico et couvre une superficie de plus de 100.000 m\u00e8tres carr\u00e9s de piscines, de verts et salle de bains. Le parc aquatique offre du plaisir pour tous les go\u00fbts et pour tous les groupes d&rsquo;\u00e2ge: les jours sont anim\u00e9s par des f\u00eates [&hellip;]<\/p>\n","protected":false},"author":4,"featured_media":0,"parent":0,"menu_order":0,"comment_status":"closed","ping_status":"closed","template":"","meta":[],"acf":[],"_links":{"self":[{"href":"https:\/\/hsmeraldo.clienti4.editatest.com\/fr\/wp-json\/wp\/v2\/pages\/288"}],"collection":[{"href":"https:\/\/hsmeraldo.clienti4.editatest.com\/fr\/wp-json\/wp\/v2\/pages"}],"about":[{"href":"https:\/\/hsmeraldo.clienti4.editatest.com\/fr\/wp-json\/wp\/v2\/types\/page"}],"author":[{"embeddable":true,"href":"https:\/\/hsmeraldo.clienti4.editatest.com\/fr\/wp-json\/wp\/v2\/users\/4"}],"replies":[{"embeddable":true,"href":"https:\/\/hsmeraldo.clienti4.editatest.com\/fr\/wp-json\/wp\/v2\/comments?post=288"}],"version-history":[{"count":0,"href":"https:\/\/hsmeraldo.clienti4.editatest.com\/fr\/wp-json\/wp\/v2\/pages\/288\/revisions"}],"wp:attachment":[{"href":"https:\/\/hsmeraldo.clienti4.editatest.com\/fr\/wp-json\/wp\/v2\/media?parent=288"}],"curies":[{"name":"wp","href":"https:\/\/api.w.org\/{rel}","templated":true}]}}