{"id":294,"date":"2014-04-30T11:33:33","date_gmt":"2014-04-30T09:33:33","guid":{"rendered":"https:\/\/hsmeraldo.clienti4.editatest.com\/hotel-piscina-cesenatico-2\/"},"modified":"2021-02-16T15:35:30","modified_gmt":"2021-02-16T14:35:30","slug":"piscine","status":"publish","type":"page","link":"https:\/\/hsmeraldo.clienti4.editatest.com\/fr\/piscine\/","title":{"rendered":"H\u00f4tel avec piscine \u00e0 Cesenatico"},"content":{"rendered":"<p>Notre <strong>\u00ab\u00a0Centre relax Smeraldo\u00a0\u00bb<\/strong>, se trouve \u00e0 50 m\u00e8tres de l&rsquo; Hotel et offre une Piscine tr\u00e8s grande \u00e0 la forme \u00e9licoidale.<\/p>\n<p>La terrasse au premier \u00e9tage de la piscine est \u00e9quip\u00e9e de chaises longues et parasols et aussi des jets d&rsquo;eau a vapeur pour ceux qui souhaitent se livrer \u00e0 un bain de soleil en toute tranquillit\u00e9.<\/p>\n\n\t\t<style type='text\/css'>\n\t\t\t#gallery-1 {\n\t\t\t\tmargin: auto;\n\t\t\t}\n\t\t\t#gallery-1 .gallery-item {\n\t\t\t\tfloat: left;\n\t\t\t\tmargin-top: 10px;\n\t\t\t\ttext-align: center;\n\t\t\t\twidth: 33%;\n\t\t\t}\n\t\t\t#gallery-1 img {\n\t\t\t\tborder: 2px solid #cfcfcf;\n\t\t\t}\n\t\t\t#gallery-1 .gallery-caption {\n\t\t\t\tmargin-left: 0;\n\t\t\t}\n\t\t\t\/* see gallery_shortcode() in wp-includes\/media.php *\/\n\t\t<\/style>\n\t\t<div id='gallery-1' class='gallery galleryid-68 gallery-columns-3 gallery-size-thumbnail'><dl class='gallery-item'>\n\t\t\t<dt class='gallery-icon landscape'>\n\t\t\t\t<a href='https:\/\/hsmeraldo.clienti4.editatest.com\/wp-content\/uploads\/2013\/07\/smeraldopiscina.jpg' data-size=\"2000x1080\"><img width=\"360\" height=\"270\" src=\"https:\/\/hsmeraldo.clienti4.editatest.com\/wp-content\/uploads\/2013\/07\/smeraldopiscina-360x270.jpg\" class=\"attachment-thumbnail size-thumbnail\" alt=\"Hotel con piscina Cesenatico\" loading=\"lazy\" \/><\/a>\n\t\t\t<\/dt><\/dl><dl class='gallery-item'>\n\t\t\t<dt class='gallery-icon landscape'>\n\t\t\t\t<a href='https:\/\/hsmeraldo.clienti4.editatest.com\/wp-content\/uploads\/2014\/04\/spruzzi.jpg' data-size=\"2000x1080\"><img width=\"360\" height=\"270\" src=\"https:\/\/hsmeraldo.clienti4.editatest.com\/wp-content\/uploads\/2014\/04\/spruzzi-360x270.jpg\" class=\"attachment-thumbnail size-thumbnail\" alt=\"Hotel Bellaria con piscina riscaldata\" loading=\"lazy\" \/><\/a>\n\t\t\t<\/dt><\/dl><dl class='gallery-item'>\n\t\t\t<dt class='gallery-icon landscape'>\n\t\t\t\t<a href='https:\/\/hsmeraldo.clienti4.editatest.com\/wp-content\/uploads\/2015\/04\/DSC_0427.jpg' data-size=\"2304x1536\"><img width=\"360\" height=\"270\" src=\"https:\/\/hsmeraldo.clienti4.editatest.com\/wp-content\/uploads\/2015\/04\/DSC_0427-360x270.jpg\" class=\"attachment-thumbnail size-thumbnail\" alt=\"Piscina Hotel Smeraldo Cesenatico\" loading=\"lazy\" \/><\/a>\n\t\t\t<\/dt><\/dl><br style=\"clear: both\" \/><dl class='gallery-item'>\n\t\t\t<dt class='gallery-icon landscape'>\n\t\t\t\t<a href='https:\/\/hsmeraldo.clienti4.editatest.com\/wp-content\/uploads\/2014\/04\/piscina4.jpg' data-size=\"800x534\"><img width=\"360\" height=\"270\" src=\"https:\/\/hsmeraldo.clienti4.editatest.com\/wp-content\/uploads\/2014\/04\/piscina4-360x270.jpg\" class=\"attachment-thumbnail size-thumbnail\" alt=\"Hotel Smeraldo lettini Cesenatico\" loading=\"lazy\" \/><\/a>\n\t\t\t<\/dt><\/dl><dl class='gallery-item'>\n\t\t\t<dt class='gallery-icon landscape'>\n\t\t\t\t<a href='https:\/\/hsmeraldo.clienti4.editatest.com\/wp-content\/uploads\/2013\/07\/DSCF0657.jpg' data-size=\"704x530\"><img width=\"360\" height=\"270\" src=\"https:\/\/hsmeraldo.clienti4.editatest.com\/wp-content\/uploads\/2013\/07\/DSCF0657-360x270.jpg\" class=\"attachment-thumbnail size-thumbnail\" alt=\"\" loading=\"lazy\" srcset=\"https:\/\/hsmeraldo.clienti4.editatest.com\/wp-content\/uploads\/2013\/07\/DSCF0657-360x270.jpg 360w, https:\/\/hsmeraldo.clienti4.editatest.com\/wp-content\/uploads\/2013\/07\/DSCF0657.jpg 704w\" sizes=\"(max-width: 360px) 100vw, 360px\" \/><\/a>\n\t\t\t<\/dt><\/dl><dl class='gallery-item'>\n\t\t\t<dt class='gallery-icon landscape'>\n\t\t\t\t<a href='https:\/\/hsmeraldo.clienti4.editatest.com\/wp-content\/uploads\/2014\/04\/piscina2p.jpg' data-size=\"800x533\"><img width=\"360\" height=\"270\" src=\"https:\/\/hsmeraldo.clienti4.editatest.com\/wp-content\/uploads\/2014\/04\/piscina2p-360x270.jpg\" class=\"attachment-thumbnail size-thumbnail\" alt=\"Hotel Bellaria con piscina\" loading=\"lazy\" \/><\/a>\n\t\t\t<\/dt><\/dl><br style=\"clear: both\" \/>\n\t\t<\/div>\n\n<h2>Le centre relax Smeraldo propose:<\/h2>\n<ul>\n<li>Piscine rechauff\u00e9e pour les enfantes<\/li>\n<li>Piscine rechauff\u00e9e pour les adultes<\/li>\n<li>Jacuzzi<\/li>\n<li>Solarium avec des jets d&rsquo;eau a vapeur<\/li>\n<li>Cabinet pour les massages personnalis\u00e9\u00e8 et soins de beaut\u00e9 (manucure, p\u00e9dicure, nettoyage du visage &#8230;.)<\/li>\n<li>Chaises longues<\/li>\n<li>Parasols<\/li>\n<li>Coin Fitness<\/li>\n<li>Coin jeux pour les \u00e9nfants<\/li>\n<li>Toilets pour personnes \u00e0 mobilit\u00e9 r\u00e9duite<\/li>\n<li>Snack-bar<\/li>\n<li>Vestiaire avec douches chaudes<\/li>\n<li>Toilets<\/li>\n<\/ul>\n","protected":false},"excerpt":{"rendered":"<p>Notre \u00ab\u00a0Centre relax Smeraldo\u00a0\u00bb, se trouve \u00e0 50 m\u00e8tres de l&rsquo; Hotel et offre une Piscine tr\u00e8s grande \u00e0 la forme \u00e9licoidale. La terrasse au premier \u00e9tage de la piscine est \u00e9quip\u00e9e de chaises longues et parasols et aussi des jets d&rsquo;eau a vapeur pour ceux qui souhaitent se livrer \u00e0 un bain de soleil [&hellip;]<\/p>\n","protected":false},"author":4,"featured_media":0,"parent":0,"menu_order":0,"comment_status":"closed","ping_status":"closed","template":"","meta":[],"acf":[],"_links":{"self":[{"href":"https:\/\/hsmeraldo.clienti4.editatest.com\/fr\/wp-json\/wp\/v2\/pages\/294"}],"collection":[{"href":"https:\/\/hsmeraldo.clienti4.editatest.com\/fr\/wp-json\/wp\/v2\/pages"}],"about":[{"href":"https:\/\/hsmeraldo.clienti4.editatest.com\/fr\/wp-json\/wp\/v2\/types\/page"}],"author":[{"embeddable":true,"href":"https:\/\/hsmeraldo.clienti4.editatest.com\/fr\/wp-json\/wp\/v2\/users\/4"}],"replies":[{"embeddable":true,"href":"https:\/\/hsmeraldo.clienti4.editatest.com\/fr\/wp-json\/wp\/v2\/comments?post=294"}],"version-history":[{"count":0,"href":"https:\/\/hsmeraldo.clienti4.editatest.com\/fr\/wp-json\/wp\/v2\/pages\/294\/revisions"}],"wp:attachment":[{"href":"https:\/\/hsmeraldo.clienti4.editatest.com\/fr\/wp-json\/wp\/v2\/media?parent=294"}],"curies":[{"name":"wp","href":"https:\/\/api.w.org\/{rel}","templated":true}]}}