{"id":312,"date":"2015-03-30T13:29:22","date_gmt":"2015-03-30T11:29:22","guid":{"rendered":"https:\/\/hsmeraldo.clienti4.editatest.com\/ristorante-hotel-cesenatico-2\/"},"modified":"2021-02-16T15:47:08","modified_gmt":"2021-02-16T14:47:08","slug":"restaurant-hotel-cesenatico","status":"publish","type":"page","link":"https:\/\/hsmeraldo.clienti4.editatest.com\/fr\/restaurant-hotel-cesenatico\/","title":{"rendered":"H\u00f4tel avec restaurant in Cesenatico"},"content":{"rendered":"<h2>Nous allons faire vous connaitre le Front Cooking &#8230; c&rsquo;est \u00e0 dire la mise en sc\u00e8ne dynamique et vivante de la cuisine devant les clients!!!<\/h2>\n<p>Notre restaurant propose un abondant petit-d\u00e9jeuner international de <strong>7h30 \u00e0 9h30<\/strong> et un menu tr\u00e8s vari\u00e9 et savoureux de <strong>12h00 \u00e0 13h30<\/strong> et de <strong>19h00 \u00e0 20h30<\/strong>.<br \/>\nVous serez s\u00e9duits par notre service <strong>Front Cooking<\/strong>, situ\u00e9e id\u00e9alement dans notre salle restaurant et qui permet au client d&rsquo;admirer et de choisir directement et \u00e0 volont\u00e9 les plats pr\u00e9par\u00e9s tous les jours par notre tr\u00e8s cher chefs. Chaque jour, des plats \u00e0 base de <strong>poisson de l&rsquo;Adriatique<\/strong>, des plats \u00e0 base de <strong>viande s\u00e9lectionn\u00e9e<\/strong>, <strong>d&rsquo;abondants buffets de l\u00e9gumes frais et de fruits de saison de producteurs locaux, accompagnements chauds et froids, buffets de hors-d&rsquo;\u0153uvre, glaces, sorbets et buffet de desserts maison.<\/strong><\/p>\n<p>&nbsp;<\/p>\n\n\t\t<style type='text\/css'>\n\t\t\t#gallery-1 {\n\t\t\t\tmargin: auto;\n\t\t\t}\n\t\t\t#gallery-1 .gallery-item {\n\t\t\t\tfloat: left;\n\t\t\t\tmargin-top: 10px;\n\t\t\t\ttext-align: center;\n\t\t\t\twidth: 33%;\n\t\t\t}\n\t\t\t#gallery-1 img {\n\t\t\t\tborder: 2px solid #cfcfcf;\n\t\t\t}\n\t\t\t#gallery-1 .gallery-caption {\n\t\t\t\tmargin-left: 0;\n\t\t\t}\n\t\t\t\/* see gallery_shortcode() in wp-includes\/media.php *\/\n\t\t<\/style>\n\t\t<div id='gallery-1' class='gallery galleryid-161 gallery-columns-3 gallery-size-thumbnail'><dl class='gallery-item'>\n\t\t\t<dt class='gallery-icon landscape'>\n\t\t\t\t<a href='https:\/\/hsmeraldo.clienti4.editatest.com\/wp-content\/uploads\/2018\/03\/IMG_6551.jpg' data-size=\"2500x1670\"><img width=\"360\" height=\"270\" src=\"https:\/\/hsmeraldo.clienti4.editatest.com\/wp-content\/uploads\/2018\/03\/IMG_6551-360x270.jpg\" class=\"attachment-thumbnail size-thumbnail\" alt=\"Hotel Smeraldo Cesenatico Staff\" loading=\"lazy\" \/><\/a>\n\t\t\t<\/dt><\/dl><dl class='gallery-item'>\n\t\t\t<dt class='gallery-icon landscape'>\n\t\t\t\t<a href='https:\/\/hsmeraldo.clienti4.editatest.com\/wp-content\/uploads\/2018\/03\/IMG_6-3.jpg' data-size=\"2500x1670\"><img width=\"360\" height=\"270\" src=\"https:\/\/hsmeraldo.clienti4.editatest.com\/wp-content\/uploads\/2018\/03\/IMG_6-3-360x270.jpg\" class=\"attachment-thumbnail size-thumbnail\" alt=\"Hotel Smeraldo Cesenatico sala ristorante\" loading=\"lazy\" \/><\/a>\n\t\t\t<\/dt><\/dl><dl class='gallery-item'>\n\t\t\t<dt class='gallery-icon landscape'>\n\t\t\t\t<a href='https:\/\/hsmeraldo.clienti4.editatest.com\/wp-content\/uploads\/2018\/03\/IMG_501.jpg' data-size=\"2500x1670\"><img width=\"360\" height=\"270\" src=\"https:\/\/hsmeraldo.clienti4.editatest.com\/wp-content\/uploads\/2018\/03\/IMG_501-360x270.jpg\" class=\"attachment-thumbnail size-thumbnail\" alt=\"Hotel Smeraldo Cesenatico sala ristorante\" loading=\"lazy\" \/><\/a>\n\t\t\t<\/dt><\/dl><br style=\"clear: both\" \/><dl class='gallery-item'>\n\t\t\t<dt class='gallery-icon landscape'>\n\t\t\t\t<a href='https:\/\/hsmeraldo.clienti4.editatest.com\/wp-content\/uploads\/2018\/03\/IMG_80.jpg' data-size=\"2500x1670\"><img width=\"360\" height=\"270\" src=\"https:\/\/hsmeraldo.clienti4.editatest.com\/wp-content\/uploads\/2018\/03\/IMG_80-360x270.jpg\" class=\"attachment-thumbnail size-thumbnail\" alt=\"Hotel Smeraldo Cesenatico sala ristorante\" loading=\"lazy\" \/><\/a>\n\t\t\t<\/dt><\/dl><dl class='gallery-item'>\n\t\t\t<dt class='gallery-icon landscape'>\n\t\t\t\t<a href='https:\/\/hsmeraldo.clienti4.editatest.com\/wp-content\/uploads\/2018\/03\/IMG_9-3.jpg' data-size=\"2500x1670\"><img width=\"360\" height=\"270\" src=\"https:\/\/hsmeraldo.clienti4.editatest.com\/wp-content\/uploads\/2018\/03\/IMG_9-3-360x270.jpg\" class=\"attachment-thumbnail size-thumbnail\" alt=\"Hotel Smeraldo Cesenatico sala ristorante\" loading=\"lazy\" \/><\/a>\n\t\t\t<\/dt><\/dl><dl class='gallery-item'>\n\t\t\t<dt class='gallery-icon landscape'>\n\t\t\t\t<a href='https:\/\/hsmeraldo.clienti4.editatest.com\/wp-content\/uploads\/2018\/03\/IMG_5-4.jpg' data-size=\"2500x1670\"><img width=\"360\" height=\"270\" src=\"https:\/\/hsmeraldo.clienti4.editatest.com\/wp-content\/uploads\/2018\/03\/IMG_5-4-360x270.jpg\" class=\"attachment-thumbnail size-thumbnail\" alt=\"Hotel Smeraldo Cesenatico Sala Ristorante\" loading=\"lazy\" \/><\/a>\n\t\t\t<\/dt><\/dl><br style=\"clear: both\" \/><dl class='gallery-item'>\n\t\t\t<dt class='gallery-icon landscape'>\n\t\t\t\t<a href='https:\/\/hsmeraldo.clienti4.editatest.com\/wp-content\/uploads\/2018\/03\/IMG_2-3.jpg' data-size=\"2500x1670\"><img width=\"360\" height=\"270\" src=\"https:\/\/hsmeraldo.clienti4.editatest.com\/wp-content\/uploads\/2018\/03\/IMG_2-3-360x270.jpg\" class=\"attachment-thumbnail size-thumbnail\" alt=\"Hotel Smeraldo Cesenatico sala ristorante\" loading=\"lazy\" \/><\/a>\n\t\t\t<\/dt><\/dl><dl class='gallery-item'>\n\t\t\t<dt class='gallery-icon landscape'>\n\t\t\t\t<a href='https:\/\/hsmeraldo.clienti4.editatest.com\/wp-content\/uploads\/2018\/03\/IMG_3-3.jpg' data-size=\"2500x1670\"><img width=\"360\" height=\"270\" src=\"https:\/\/hsmeraldo.clienti4.editatest.com\/wp-content\/uploads\/2018\/03\/IMG_3-3-360x270.jpg\" class=\"attachment-thumbnail size-thumbnail\" alt=\"Hotel Smeraldo Cesenatico buffet sala ristorante\" loading=\"lazy\" \/><\/a>\n\t\t\t<\/dt><\/dl><dl class='gallery-item'>\n\t\t\t<dt class='gallery-icon landscape'>\n\t\t\t\t<a href='https:\/\/hsmeraldo.clienti4.editatest.com\/wp-content\/uploads\/2015\/03\/buffet-1.jpg' data-size=\"800x533\"><img width=\"360\" height=\"270\" src=\"https:\/\/hsmeraldo.clienti4.editatest.com\/wp-content\/uploads\/2015\/03\/buffet-1-360x270.jpg\" class=\"attachment-thumbnail size-thumbnail\" alt=\"Hotel Smeraldo Cesenatico buffet\" loading=\"lazy\" \/><\/a>\n\t\t\t<\/dt><\/dl><br style=\"clear: both\" \/>\n\t\t<\/div>\n\n<p>&nbsp;<\/p>\n<h4><strong>\u00a0 \u00a0 \u00a0 \u00a0 \u00a0 Quelques d\u00e9lices de nos chefs pour vos palais:<\/strong><\/h4>\n<p>&nbsp;<\/p>\n\n\t\t<style type='text\/css'>\n\t\t\t#gallery-2 {\n\t\t\t\tmargin: auto;\n\t\t\t}\n\t\t\t#gallery-2 .gallery-item {\n\t\t\t\tfloat: left;\n\t\t\t\tmargin-top: 10px;\n\t\t\t\ttext-align: center;\n\t\t\t\twidth: 33%;\n\t\t\t}\n\t\t\t#gallery-2 img {\n\t\t\t\tborder: 2px solid #cfcfcf;\n\t\t\t}\n\t\t\t#gallery-2 .gallery-caption {\n\t\t\t\tmargin-left: 0;\n\t\t\t}\n\t\t\t\/* see gallery_shortcode() in wp-includes\/media.php *\/\n\t\t<\/style>\n\t\t<div id='gallery-2' class='gallery galleryid-161 gallery-columns-3 gallery-size-thumbnail'><dl class='gallery-item'>\n\t\t\t<dt class='gallery-icon landscape'>\n\t\t\t\t<a href='https:\/\/hsmeraldo.clienti4.editatest.com\/wp-content\/uploads\/2018\/03\/19105829_1371032912976167_8123580645037858556_n.jpg' data-size=\"800x533\"><img width=\"360\" height=\"270\" src=\"https:\/\/hsmeraldo.clienti4.editatest.com\/wp-content\/uploads\/2018\/03\/19105829_1371032912976167_8123580645037858556_n-360x270.jpg\" class=\"attachment-thumbnail size-thumbnail\" alt=\"Hotel Smeraldo Ristorante Cesenatico\" loading=\"lazy\" \/><\/a>\n\t\t\t<\/dt><\/dl><dl class='gallery-item'>\n\t\t\t<dt class='gallery-icon landscape'>\n\t\t\t\t<a href='https:\/\/hsmeraldo.clienti4.editatest.com\/wp-content\/uploads\/2018\/03\/1961014_605453749534091_360620783_o.jpg' data-size=\"2500x1670\"><img width=\"360\" height=\"270\" src=\"https:\/\/hsmeraldo.clienti4.editatest.com\/wp-content\/uploads\/2018\/03\/1961014_605453749534091_360620783_o-360x270.jpg\" class=\"attachment-thumbnail size-thumbnail\" alt=\"Hotel Cesenatico Ristorante Pesce\" loading=\"lazy\" \/><\/a>\n\t\t\t<\/dt><\/dl><dl class='gallery-item'>\n\t\t\t<dt class='gallery-icon landscape'>\n\t\t\t\t<a href='https:\/\/hsmeraldo.clienti4.editatest.com\/wp-content\/uploads\/2018\/03\/DSC_5052.jpg' data-size=\"2500x1670\"><img width=\"360\" height=\"270\" src=\"https:\/\/hsmeraldo.clienti4.editatest.com\/wp-content\/uploads\/2018\/03\/DSC_5052-360x270.jpg\" class=\"attachment-thumbnail size-thumbnail\" alt=\"Hotel Smeraldo Cesenatico Gamberetti\" loading=\"lazy\" \/><\/a>\n\t\t\t<\/dt><\/dl><br style=\"clear: both\" \/><dl class='gallery-item'>\n\t\t\t<dt class='gallery-icon landscape'>\n\t\t\t\t<a href='https:\/\/hsmeraldo.clienti4.editatest.com\/wp-content\/uploads\/2018\/03\/DSC01583.jpg' data-size=\"2500x1670\"><img width=\"360\" height=\"270\" src=\"https:\/\/hsmeraldo.clienti4.editatest.com\/wp-content\/uploads\/2018\/03\/DSC01583-360x270.jpg\" class=\"attachment-thumbnail size-thumbnail\" alt=\"Hotel Smeraldo Cesenatico Ristorante pesce\" loading=\"lazy\" \/><\/a>\n\t\t\t<\/dt><\/dl><dl class='gallery-item'>\n\t\t\t<dt class='gallery-icon landscape'>\n\t\t\t\t<a href='https:\/\/hsmeraldo.clienti4.editatest.com\/wp-content\/uploads\/2018\/03\/DSC_5060.jpg' data-size=\"2500x1670\"><img width=\"360\" height=\"270\" src=\"https:\/\/hsmeraldo.clienti4.editatest.com\/wp-content\/uploads\/2018\/03\/DSC_5060-360x270.jpg\" class=\"attachment-thumbnail size-thumbnail\" alt=\"Hotel Smeraldo Cesenatico menu pesce\" loading=\"lazy\" \/><\/a>\n\t\t\t<\/dt><\/dl><dl class='gallery-item'>\n\t\t\t<dt class='gallery-icon landscape'>\n\t\t\t\t<a href='https:\/\/hsmeraldo.clienti4.editatest.com\/wp-content\/uploads\/2018\/03\/DSC01647.jpg' data-size=\"800x533\"><img width=\"360\" height=\"270\" src=\"https:\/\/hsmeraldo.clienti4.editatest.com\/wp-content\/uploads\/2018\/03\/DSC01647-360x270.jpg\" class=\"attachment-thumbnail size-thumbnail\" alt=\"Hotel Smeraldo Cesenatico Antipasto\" loading=\"lazy\" \/><\/a>\n\t\t\t<\/dt><\/dl><br style=\"clear: both\" \/><dl class='gallery-item'>\n\t\t\t<dt class='gallery-icon landscape'>\n\t\t\t\t<a href='https:\/\/hsmeraldo.clienti4.editatest.com\/wp-content\/uploads\/2018\/03\/DSC01645.jpg' data-size=\"800x533\"><img width=\"360\" height=\"270\" src=\"https:\/\/hsmeraldo.clienti4.editatest.com\/wp-content\/uploads\/2018\/03\/DSC01645-360x270.jpg\" class=\"attachment-thumbnail size-thumbnail\" alt=\"Hotel Smeraldo Cesenatico passatelli\" loading=\"lazy\" \/><\/a>\n\t\t\t<\/dt><\/dl><dl class='gallery-item'>\n\t\t\t<dt class='gallery-icon landscape'>\n\t\t\t\t<a href='https:\/\/hsmeraldo.clienti4.editatest.com\/wp-content\/uploads\/2018\/03\/DSC01642.jpg' data-size=\"800x533\"><img width=\"360\" height=\"270\" src=\"https:\/\/hsmeraldo.clienti4.editatest.com\/wp-content\/uploads\/2018\/03\/DSC01642-360x270.jpg\" class=\"attachment-thumbnail size-thumbnail\" alt=\"Hotel Smeraldo Cesenatico Mortadella\" loading=\"lazy\" \/><\/a>\n\t\t\t<\/dt><\/dl><dl class='gallery-item'>\n\t\t\t<dt class='gallery-icon landscape'>\n\t\t\t\t<a href='https:\/\/hsmeraldo.clienti4.editatest.com\/wp-content\/uploads\/2018\/03\/K5A8926-1.jpg' data-size=\"2500x1670\"><img width=\"360\" height=\"270\" src=\"https:\/\/hsmeraldo.clienti4.editatest.com\/wp-content\/uploads\/2018\/03\/K5A8926-1-360x270.jpg\" class=\"attachment-thumbnail size-thumbnail\" alt=\"Hotel Smeraldo Cesenatico buffet\" loading=\"lazy\" \/><\/a>\n\t\t\t<\/dt><\/dl><br style=\"clear: both\" \/><dl class='gallery-item'>\n\t\t\t<dt class='gallery-icon landscape'>\n\t\t\t\t<a href='https:\/\/hsmeraldo.clienti4.editatest.com\/wp-content\/uploads\/2018\/03\/K5A8948.jpg' data-size=\"2505x1670\"><img width=\"360\" height=\"270\" src=\"https:\/\/hsmeraldo.clienti4.editatest.com\/wp-content\/uploads\/2018\/03\/K5A8948-360x270.jpg\" class=\"attachment-thumbnail size-thumbnail\" alt=\"Hotel Smeraldo Cesenatico Tagliatelle\" loading=\"lazy\" \/><\/a>\n\t\t\t<\/dt><\/dl><dl class='gallery-item'>\n\t\t\t<dt class='gallery-icon landscape'>\n\t\t\t\t<a href='https:\/\/hsmeraldo.clienti4.editatest.com\/wp-content\/uploads\/2018\/03\/K5A8916.jpg' data-size=\"2500x1670\"><img width=\"360\" height=\"270\" src=\"https:\/\/hsmeraldo.clienti4.editatest.com\/wp-content\/uploads\/2018\/03\/K5A8916-360x270.jpg\" class=\"attachment-thumbnail size-thumbnail\" alt=\"Hotel Smeraldo Cesenatico Tortellini panna\" loading=\"lazy\" \/><\/a>\n\t\t\t<\/dt><\/dl><dl class='gallery-item'>\n\t\t\t<dt class='gallery-icon landscape'>\n\t\t\t\t<a href='https:\/\/hsmeraldo.clienti4.editatest.com\/wp-content\/uploads\/2015\/03\/ISA_3489.jpg' data-size=\"800x533\"><img width=\"360\" height=\"270\" src=\"https:\/\/hsmeraldo.clienti4.editatest.com\/wp-content\/uploads\/2015\/03\/ISA_3489-360x270.jpg\" class=\"attachment-thumbnail size-thumbnail\" alt=\"Hotel Smeraldo buffet\" loading=\"lazy\" \/><\/a>\n\t\t\t<\/dt><\/dl><br style=\"clear: both\" \/><dl class='gallery-item'>\n\t\t\t<dt class='gallery-icon landscape'>\n\t\t\t\t<a href='https:\/\/hsmeraldo.clienti4.editatest.com\/wp-content\/uploads\/2015\/04\/DSC01642.jpg' data-size=\"800x533\"><img width=\"360\" height=\"270\" src=\"https:\/\/hsmeraldo.clienti4.editatest.com\/wp-content\/uploads\/2015\/04\/DSC01642-360x270.jpg\" class=\"attachment-thumbnail size-thumbnail\" alt=\"Hotel Smeraldo Mortadella\" loading=\"lazy\" \/><\/a>\n\t\t\t<\/dt><\/dl><dl class='gallery-item'>\n\t\t\t<dt class='gallery-icon landscape'>\n\t\t\t\t<a href='https:\/\/hsmeraldo.clienti4.editatest.com\/wp-content\/uploads\/2015\/04\/DSC01641.jpg' data-size=\"800x533\"><img width=\"360\" height=\"270\" src=\"https:\/\/hsmeraldo.clienti4.editatest.com\/wp-content\/uploads\/2015\/04\/DSC01641-360x270.jpg\" class=\"attachment-thumbnail size-thumbnail\" alt=\"Hotel Smeraldo prosciutto\" loading=\"lazy\" \/><\/a>\n\t\t\t<\/dt><\/dl><dl class='gallery-item'>\n\t\t\t<dt class='gallery-icon landscape'>\n\t\t\t\t<a href='https:\/\/hsmeraldo.clienti4.editatest.com\/wp-content\/uploads\/2015\/04\/DSC01635.jpg' data-size=\"800x533\"><img width=\"360\" height=\"270\" src=\"https:\/\/hsmeraldo.clienti4.editatest.com\/wp-content\/uploads\/2015\/04\/DSC01635-360x270.jpg\" class=\"attachment-thumbnail size-thumbnail\" alt=\"Hotel Smeraldo Cesenatico antispasti\" loading=\"lazy\" \/><\/a>\n\t\t\t<\/dt><\/dl><br style=\"clear: both\" \/><dl class='gallery-item'>\n\t\t\t<dt class='gallery-icon landscape'>\n\t\t\t\t<a href='https:\/\/hsmeraldo.clienti4.editatest.com\/wp-content\/uploads\/2015\/04\/DSC01633.jpg' data-size=\"800x533\"><img width=\"360\" height=\"270\" src=\"https:\/\/hsmeraldo.clienti4.editatest.com\/wp-content\/uploads\/2015\/04\/DSC01633-360x270.jpg\" class=\"attachment-thumbnail size-thumbnail\" alt=\"Hotel Smeraldo Cesenatico zucchine\" loading=\"lazy\" \/><\/a>\n\t\t\t<\/dt><\/dl><dl class='gallery-item'>\n\t\t\t<dt class='gallery-icon landscape'>\n\t\t\t\t<a href='https:\/\/hsmeraldo.clienti4.editatest.com\/wp-content\/uploads\/2015\/04\/K5A8913.jpg' data-size=\"800x533\"><img width=\"360\" height=\"270\" src=\"https:\/\/hsmeraldo.clienti4.editatest.com\/wp-content\/uploads\/2015\/04\/K5A8913-360x270.jpg\" class=\"attachment-thumbnail size-thumbnail\" alt=\"Hotel Smeraldo Buffet Ristorante\" loading=\"lazy\" \/><\/a>\n\t\t\t<\/dt><\/dl><dl class='gallery-item'>\n\t\t\t<dt class='gallery-icon landscape'>\n\t\t\t\t<a href='https:\/\/hsmeraldo.clienti4.editatest.com\/wp-content\/uploads\/2015\/03\/buffet.jpg' data-size=\"800x533\"><img width=\"360\" height=\"270\" src=\"https:\/\/hsmeraldo.clienti4.editatest.com\/wp-content\/uploads\/2015\/03\/buffet-360x270.jpg\" class=\"attachment-thumbnail size-thumbnail\" alt=\"Hotel Smeraldo Cesenatico buffet ristorante\" loading=\"lazy\" \/><\/a>\n\t\t\t<\/dt><\/dl><br style=\"clear: both\" \/>\n\t\t<\/div>\n\n<p>&nbsp;<\/p>\n<h4><strong>\u00a0 \u00a0 \u00a0 \u00a0 \u00a0\u00a0<\/strong><\/h4>\n<p><strong>\u00a0 Dessert :<\/strong><\/p>\n\n\t\t<style type='text\/css'>\n\t\t\t#gallery-3 {\n\t\t\t\tmargin: auto;\n\t\t\t}\n\t\t\t#gallery-3 .gallery-item {\n\t\t\t\tfloat: left;\n\t\t\t\tmargin-top: 10px;\n\t\t\t\ttext-align: center;\n\t\t\t\twidth: 33%;\n\t\t\t}\n\t\t\t#gallery-3 img {\n\t\t\t\tborder: 2px solid #cfcfcf;\n\t\t\t}\n\t\t\t#gallery-3 .gallery-caption {\n\t\t\t\tmargin-left: 0;\n\t\t\t}\n\t\t\t\/* see gallery_shortcode() in wp-includes\/media.php *\/\n\t\t<\/style>\n\t\t<div id='gallery-3' class='gallery galleryid-161 gallery-columns-3 gallery-size-thumbnail'><dl class='gallery-item'>\n\t\t\t<dt class='gallery-icon landscape'>\n\t\t\t\t<a href='https:\/\/hsmeraldo.clienti4.editatest.com\/wp-content\/uploads\/2018\/03\/K5A8931.jpg' data-size=\"2500x1670\"><img width=\"360\" height=\"270\" src=\"https:\/\/hsmeraldo.clienti4.editatest.com\/wp-content\/uploads\/2018\/03\/K5A8931-360x270.jpg\" class=\"attachment-thumbnail size-thumbnail\" alt=\"Hotel Smeraldo Cesenatico dolci\" loading=\"lazy\" \/><\/a>\n\t\t\t<\/dt><\/dl><dl class='gallery-item'>\n\t\t\t<dt class='gallery-icon landscape'>\n\t\t\t\t<a href='https:\/\/hsmeraldo.clienti4.editatest.com\/wp-content\/uploads\/2018\/03\/IMG_7950-1.jpg' data-size=\"2500x1670\"><img width=\"360\" height=\"270\" src=\"https:\/\/hsmeraldo.clienti4.editatest.com\/wp-content\/uploads\/2018\/03\/IMG_7950-1-360x270.jpg\" class=\"attachment-thumbnail size-thumbnail\" alt=\"Hotel Smeraldo Cesenatico dolci ristorante\" loading=\"lazy\" \/><\/a>\n\t\t\t<\/dt><\/dl><dl class='gallery-item'>\n\t\t\t<dt class='gallery-icon landscape'>\n\t\t\t\t<a href='https:\/\/hsmeraldo.clienti4.editatest.com\/wp-content\/uploads\/2018\/03\/CAR_8136.jpg' data-size=\"2500x1670\"><img width=\"360\" height=\"270\" src=\"https:\/\/hsmeraldo.clienti4.editatest.com\/wp-content\/uploads\/2018\/03\/CAR_8136-360x270.jpg\" class=\"attachment-thumbnail size-thumbnail\" alt=\"Hotel Smeraldo Cesenatico dolci\" loading=\"lazy\" \/><\/a>\n\t\t\t<\/dt><\/dl><br style=\"clear: both\" \/><dl class='gallery-item'>\n\t\t\t<dt class='gallery-icon landscape'>\n\t\t\t\t<a href='https:\/\/hsmeraldo.clienti4.editatest.com\/wp-content\/uploads\/2018\/03\/468965_329341007145368_1867159502_o.jpg' data-size=\"800x533\"><img width=\"360\" height=\"270\" src=\"https:\/\/hsmeraldo.clienti4.editatest.com\/wp-content\/uploads\/2018\/03\/468965_329341007145368_1867159502_o-360x270.jpg\" class=\"attachment-thumbnail size-thumbnail\" alt=\"Hotel Smeraldo Cesenatico dolce a libro\" loading=\"lazy\" \/><\/a>\n\t\t\t<\/dt><\/dl><dl class='gallery-item'>\n\t\t\t<dt class='gallery-icon landscape'>\n\t\t\t\t<a href='https:\/\/hsmeraldo.clienti4.editatest.com\/wp-content\/uploads\/2018\/03\/K5A7680.jpg' data-size=\"2500x1670\"><img width=\"360\" height=\"270\" src=\"https:\/\/hsmeraldo.clienti4.editatest.com\/wp-content\/uploads\/2018\/03\/K5A7680-360x270.jpg\" class=\"attachment-thumbnail size-thumbnail\" alt=\"Hotel Smeraldo Cesenatico buffet dolce\" loading=\"lazy\" \/><\/a>\n\t\t\t<\/dt><\/dl><dl class='gallery-item'>\n\t\t\t<dt class='gallery-icon landscape'>\n\t\t\t\t<a href='https:\/\/hsmeraldo.clienti4.editatest.com\/wp-content\/uploads\/2018\/03\/K5A7652.jpg' data-size=\"800x533\"><img width=\"360\" height=\"270\" src=\"https:\/\/hsmeraldo.clienti4.editatest.com\/wp-content\/uploads\/2018\/03\/K5A7652-360x270.jpg\" class=\"attachment-thumbnail size-thumbnail\" alt=\"Hotel Smeraldo Cesenatico dolci bicchieri\" loading=\"lazy\" \/><\/a>\n\t\t\t<\/dt><\/dl><br style=\"clear: both\" \/><dl class='gallery-item'>\n\t\t\t<dt class='gallery-icon landscape'>\n\t\t\t\t<a href='https:\/\/hsmeraldo.clienti4.editatest.com\/wp-content\/uploads\/2018\/03\/20900548_1435743419838449_6705109989934717869_o.jpg' data-size=\"800x533\"><img width=\"360\" height=\"270\" src=\"https:\/\/hsmeraldo.clienti4.editatest.com\/wp-content\/uploads\/2018\/03\/20900548_1435743419838449_6705109989934717869_o-360x270.jpg\" class=\"attachment-thumbnail size-thumbnail\" alt=\"Hotel Smeraldo Cesenatico buffet\" loading=\"lazy\" \/><\/a>\n\t\t\t<\/dt><\/dl><dl class='gallery-item'>\n\t\t\t<dt class='gallery-icon landscape'>\n\t\t\t\t<a href='https:\/\/hsmeraldo.clienti4.editatest.com\/wp-content\/uploads\/2015\/03\/torte.jpg' data-size=\"800x533\"><img width=\"360\" height=\"270\" src=\"https:\/\/hsmeraldo.clienti4.editatest.com\/wp-content\/uploads\/2015\/03\/torte-360x270.jpg\" class=\"attachment-thumbnail size-thumbnail\" alt=\"Hotel Smeraldo Cesenatico Torte frutta\" loading=\"lazy\" \/><\/a>\n\t\t\t<\/dt><\/dl><dl class='gallery-item'>\n\t\t\t<dt class='gallery-icon landscape'>\n\t\t\t\t<a href='https:\/\/hsmeraldo.clienti4.editatest.com\/wp-content\/uploads\/2018\/03\/19787278_1396380493774742_5064005299675595397_o.jpg' data-size=\"2048x1536\"><img width=\"360\" height=\"270\" src=\"https:\/\/hsmeraldo.clienti4.editatest.com\/wp-content\/uploads\/2018\/03\/19787278_1396380493774742_5064005299675595397_o-360x270.jpg\" class=\"attachment-thumbnail size-thumbnail\" alt=\"Notte Rosa Hotel Smeraldo Cesenatico\" loading=\"lazy\" srcset=\"https:\/\/hsmeraldo.clienti4.editatest.com\/wp-content\/uploads\/2018\/03\/19787278_1396380493774742_5064005299675595397_o-360x270.jpg 360w, https:\/\/hsmeraldo.clienti4.editatest.com\/wp-content\/uploads\/2018\/03\/19787278_1396380493774742_5064005299675595397_o-768x576.jpg 768w, https:\/\/hsmeraldo.clienti4.editatest.com\/wp-content\/uploads\/2018\/03\/19787278_1396380493774742_5064005299675595397_o.jpg 2048w\" sizes=\"(max-width: 360px) 100vw, 360px\" \/><\/a>\n\t\t\t<\/dt><\/dl><br style=\"clear: both\" \/>\n\t\t<\/div>\n\n<p>&nbsp;<\/p>\n<p><strong>\u00a0<\/strong><\/p>\n","protected":false},"excerpt":{"rendered":"<p>Nous allons faire vous connaitre le Front Cooking &#8230; c&rsquo;est \u00e0 dire la mise en sc\u00e8ne dynamique et vivante de la cuisine devant les clients!!! Notre restaurant propose un abondant petit-d\u00e9jeuner international de 7h30 \u00e0 9h30 et un menu tr\u00e8s vari\u00e9 et savoureux de 12h00 \u00e0 13h30 et de 19h00 \u00e0 20h30. Vous serez s\u00e9duits [&hellip;]<\/p>\n","protected":false},"author":4,"featured_media":0,"parent":0,"menu_order":0,"comment_status":"closed","ping_status":"closed","template":"","meta":[],"acf":[],"_links":{"self":[{"href":"https:\/\/hsmeraldo.clienti4.editatest.com\/fr\/wp-json\/wp\/v2\/pages\/312"}],"collection":[{"href":"https:\/\/hsmeraldo.clienti4.editatest.com\/fr\/wp-json\/wp\/v2\/pages"}],"about":[{"href":"https:\/\/hsmeraldo.clienti4.editatest.com\/fr\/wp-json\/wp\/v2\/types\/page"}],"author":[{"embeddable":true,"href":"https:\/\/hsmeraldo.clienti4.editatest.com\/fr\/wp-json\/wp\/v2\/users\/4"}],"replies":[{"embeddable":true,"href":"https:\/\/hsmeraldo.clienti4.editatest.com\/fr\/wp-json\/wp\/v2\/comments?post=312"}],"version-history":[{"count":0,"href":"https:\/\/hsmeraldo.clienti4.editatest.com\/fr\/wp-json\/wp\/v2\/pages\/312\/revisions"}],"wp:attachment":[{"href":"https:\/\/hsmeraldo.clienti4.editatest.com\/fr\/wp-json\/wp\/v2\/media?parent=312"}],"curies":[{"name":"wp","href":"https:\/\/api.w.org\/{rel}","templated":true}]}}