{"id":318,"date":"2015-03-30T13:39:32","date_gmt":"2015-03-30T11:39:32","guid":{"rendered":"https:\/\/hsmeraldo.clienti4.editatest.com\/servizi-4-stelle-cesenatico-2\/"},"modified":"2021-02-16T15:33:20","modified_gmt":"2021-02-16T14:33:20","slug":"hotel-services","status":"publish","type":"page","link":"https:\/\/hsmeraldo.clienti4.editatest.com\/fr\/hotel-services\/","title":{"rendered":"Services pour vos vacances en famille en Italie"},"content":{"rendered":"<h2>D\u00e9couvrez les nombreux services de notre h\u00f4tel 4 \u00e9toiles \u00e0 Cesenatico<\/h2>\n<ul>\n<li>Un ascenseur interne<\/li>\n<li>Un ascenseur panoramique<\/li>\n<li>Notre priv\u00e9 \u00ab\u00a0Centre relax Smeraldo\u00a0\u00bb avec piscines rechauff\u00e9es: pour les enfants, pour les adultes et jacuzzi, solarium avec climatisation pour l\u2019 ext\u00e9rieur, coin fitness, snack-bar avec tables, vestiaires, toilettes, douches chaudes, jeux pour les enfants<\/li>\n<li>Parking priv\u00e9<\/li>\n<li>Bar avec des tables<\/li>\n<li>V\u00e9randa avec des canap\u00e9s et des tables<\/li>\n<li>Salle avec\u00a0 X-Box<\/li>\n<li>Salle pour ranger les poussettes<\/li>\n<li>Cuisine pour les mamans disponible 24h sur 24<\/li>\n<li>Salle de bain dans la Hall avec table \u00e0 langer<\/li>\n<li>Salle de bain pour personne \u00e0 mobilit\u00e9 r\u00e9duite<\/li>\n<li>Salon de d\u00e9tente<\/li>\n<li>Coin avec une petite biblioth\u00e8que pour les enfants<\/li>\n<li>Tennis de table, football<\/li>\n<li>Wi-Fi<\/li>\n<li>V\u00e9los avec si\u00e8ges b\u00e9b\u00e9s sur demande<\/li>\n<\/ul>\n\n\t\t<style type='text\/css'>\n\t\t\t#gallery-1 {\n\t\t\t\tmargin: auto;\n\t\t\t}\n\t\t\t#gallery-1 .gallery-item {\n\t\t\t\tfloat: left;\n\t\t\t\tmargin-top: 10px;\n\t\t\t\ttext-align: center;\n\t\t\t\twidth: 33%;\n\t\t\t}\n\t\t\t#gallery-1 img {\n\t\t\t\tborder: 2px solid #cfcfcf;\n\t\t\t}\n\t\t\t#gallery-1 .gallery-caption {\n\t\t\t\tmargin-left: 0;\n\t\t\t}\n\t\t\t\/* see gallery_shortcode() in wp-includes\/media.php *\/\n\t\t<\/style>\n\t\t<div id='gallery-1' class='gallery galleryid-163 gallery-columns-3 gallery-size-thumbnail'><dl class='gallery-item'>\n\t\t\t<dt class='gallery-icon landscape'>\n\t\t\t\t<a href='https:\/\/hsmeraldo.clienti4.editatest.com\/wp-content\/uploads\/2015\/03\/cucina_delle-mamme.jpg' data-size=\"800x533\"><img width=\"360\" height=\"270\" src=\"https:\/\/hsmeraldo.clienti4.editatest.com\/wp-content\/uploads\/2015\/03\/cucina_delle-mamme-360x270.jpg\" class=\"attachment-thumbnail size-thumbnail\" alt=\"Hotel Smeraldo Cesenatico cucina per famiglie\" loading=\"lazy\" \/><\/a>\n\t\t\t<\/dt><\/dl><dl class='gallery-item'>\n\t\t\t<dt class='gallery-icon landscape'>\n\t\t\t\t<a href='https:\/\/hsmeraldo.clienti4.editatest.com\/wp-content\/uploads\/2015\/03\/giochi-bimbi.jpg' data-size=\"800x533\"><img width=\"360\" height=\"270\" src=\"https:\/\/hsmeraldo.clienti4.editatest.com\/wp-content\/uploads\/2015\/03\/giochi-bimbi-360x270.jpg\" class=\"attachment-thumbnail size-thumbnail\" alt=\"Hotel Smeraldo Cesenatico giochi per bambini\" loading=\"lazy\" \/><\/a>\n\t\t\t<\/dt><\/dl><dl class='gallery-item'>\n\t\t\t<dt class='gallery-icon landscape'>\n\t\t\t\t<a href='https:\/\/hsmeraldo.clienti4.editatest.com\/wp-content\/uploads\/2015\/03\/saletta_Bar.jpg' data-size=\"800x533\"><img width=\"360\" height=\"270\" src=\"https:\/\/hsmeraldo.clienti4.editatest.com\/wp-content\/uploads\/2015\/03\/saletta_Bar-360x270.jpg\" class=\"attachment-thumbnail size-thumbnail\" alt=\"Hotel Smeraldo Cesenatico Sala Ristorante\" loading=\"lazy\" \/><\/a>\n\t\t\t<\/dt><\/dl><br style=\"clear: both\" \/><dl class='gallery-item'>\n\t\t\t<dt class='gallery-icon landscape'>\n\t\t\t\t<a href='https:\/\/hsmeraldo.clienti4.editatest.com\/wp-content\/uploads\/2015\/03\/bici.jpg' data-size=\"800x534\"><img width=\"360\" height=\"270\" src=\"https:\/\/hsmeraldo.clienti4.editatest.com\/wp-content\/uploads\/2015\/03\/bici-360x270.jpg\" class=\"attachment-thumbnail size-thumbnail\" alt=\"Hotel Smeraldo biciclette\" loading=\"lazy\" \/><\/a>\n\t\t\t<\/dt><\/dl><dl class='gallery-item'>\n\t\t\t<dt class='gallery-icon landscape'>\n\t\t\t\t<a href='https:\/\/hsmeraldo.clienti4.editatest.com\/wp-content\/uploads\/2015\/03\/gallery6.jpg' data-size=\"899x600\"><img width=\"360\" height=\"270\" src=\"https:\/\/hsmeraldo.clienti4.editatest.com\/wp-content\/uploads\/2015\/03\/gallery6-360x270.jpg\" class=\"attachment-thumbnail size-thumbnail\" alt=\"Hotel Smeraldo Cesenatico biliardino\" loading=\"lazy\" \/><\/a>\n\t\t\t<\/dt><\/dl><dl class='gallery-item'>\n\t\t\t<dt class='gallery-icon landscape'>\n\t\t\t\t<a href='https:\/\/hsmeraldo.clienti4.editatest.com\/wp-content\/uploads\/2013\/07\/IMG_4-4.jpg' data-size=\"2500x1670\"><img width=\"360\" height=\"270\" src=\"https:\/\/hsmeraldo.clienti4.editatest.com\/wp-content\/uploads\/2013\/07\/IMG_4-4-360x270.jpg\" class=\"attachment-thumbnail size-thumbnail\" alt=\"Hotel Smeraldo Cesenatico spazi comuni\" loading=\"lazy\" \/><\/a>\n\t\t\t<\/dt><\/dl><br style=\"clear: both\" \/>\n\t\t<\/div>\n\n","protected":false},"excerpt":{"rendered":"<p>D\u00e9couvrez les nombreux services de notre h\u00f4tel 4 \u00e9toiles \u00e0 Cesenatico Un ascenseur interne Un ascenseur panoramique Notre priv\u00e9 \u00ab\u00a0Centre relax Smeraldo\u00a0\u00bb avec piscines rechauff\u00e9es: pour les enfants, pour les adultes et jacuzzi, solarium avec climatisation pour l\u2019 ext\u00e9rieur, coin fitness, snack-bar avec tables, vestiaires, toilettes, douches chaudes, jeux pour les enfants Parking priv\u00e9 Bar [&hellip;]<\/p>\n","protected":false},"author":4,"featured_media":0,"parent":0,"menu_order":0,"comment_status":"closed","ping_status":"closed","template":"","meta":[],"acf":[],"_links":{"self":[{"href":"https:\/\/hsmeraldo.clienti4.editatest.com\/fr\/wp-json\/wp\/v2\/pages\/318"}],"collection":[{"href":"https:\/\/hsmeraldo.clienti4.editatest.com\/fr\/wp-json\/wp\/v2\/pages"}],"about":[{"href":"https:\/\/hsmeraldo.clienti4.editatest.com\/fr\/wp-json\/wp\/v2\/types\/page"}],"author":[{"embeddable":true,"href":"https:\/\/hsmeraldo.clienti4.editatest.com\/fr\/wp-json\/wp\/v2\/users\/4"}],"replies":[{"embeddable":true,"href":"https:\/\/hsmeraldo.clienti4.editatest.com\/fr\/wp-json\/wp\/v2\/comments?post=318"}],"version-history":[{"count":0,"href":"https:\/\/hsmeraldo.clienti4.editatest.com\/fr\/wp-json\/wp\/v2\/pages\/318\/revisions"}],"wp:attachment":[{"href":"https:\/\/hsmeraldo.clienti4.editatest.com\/fr\/wp-json\/wp\/v2\/media?parent=318"}],"curies":[{"name":"wp","href":"https:\/\/api.w.org\/{rel}","templated":true}]}}