{"id":323,"date":"2014-04-30T11:31:19","date_gmt":"2014-04-30T09:31:19","guid":{"rendered":"https:\/\/hsmeraldo.clienti4.editatest.com\/dove-siamo-2\/"},"modified":"2021-05-28T11:11:55","modified_gmt":"2021-05-28T09:11:55","slug":"ou-sommes-nous","status":"publish","type":"page","link":"https:\/\/hsmeraldo.clienti4.editatest.com\/fr\/ou-sommes-nous\/","title":{"rendered":"Nous sommes \u00e0 Cesenatico, pr\u00e8s de la mer"},"content":{"rendered":"<p>Naviguer sur la carte et de trouver l&#8217;emplacement exact de notre h\u00f4tel 4 \u00e9toiles \u00e0 Cesenatico!<\/p>\n<h2>Comment arriver \u00e0 Cesenatico<\/h2>\n<p><strong>Voie Express<\/strong><\/p>\n<ul>\n<li><em>www.autostrade.it<\/em><\/li>\n<\/ul>\n<p><strong>Train<\/strong><\/p>\n<ul>\n<li><em>www.trenitalia.com<\/em><\/li>\n<\/ul>\n<p><strong>Plan<\/strong><\/p>\n<ul>\n<li><em>www.alitalia.it<\/em><\/li>\n<\/ul>\n<p><img loading=\"lazy\" class=\"alignnone size-full wp-image-2340\" src=\"https:\/\/hsmeraldo.clienti4.editatest.com\/wp-content\/uploads\/2021\/05\/mappa_statica-fra.jpg\" alt=\"\" width=\"835\" height=\"619\" srcset=\"https:\/\/hsmeraldo.clienti4.editatest.com\/wp-content\/uploads\/2021\/05\/mappa_statica-fra.jpg 835w, https:\/\/hsmeraldo.clienti4.editatest.com\/wp-content\/uploads\/2021\/05\/mappa_statica-fra-768x569.jpg 768w\" sizes=\"(max-width: 835px) 100vw, 835px\" \/><\/p>\n","protected":false},"excerpt":{"rendered":"<p>Naviguer sur la carte et de trouver l&#8217;emplacement exact de notre h\u00f4tel 4 \u00e9toiles \u00e0 Cesenatico! Comment arriver \u00e0 Cesenatico Voie Express www.autostrade.it Train www.trenitalia.com Plan www.alitalia.it<\/p>\n","protected":false},"author":4,"featured_media":0,"parent":0,"menu_order":0,"comment_status":"closed","ping_status":"closed","template":"","meta":[],"acf":[],"_links":{"self":[{"href":"https:\/\/hsmeraldo.clienti4.editatest.com\/fr\/wp-json\/wp\/v2\/pages\/323"}],"collection":[{"href":"https:\/\/hsmeraldo.clienti4.editatest.com\/fr\/wp-json\/wp\/v2\/pages"}],"about":[{"href":"https:\/\/hsmeraldo.clienti4.editatest.com\/fr\/wp-json\/wp\/v2\/types\/page"}],"author":[{"embeddable":true,"href":"https:\/\/hsmeraldo.clienti4.editatest.com\/fr\/wp-json\/wp\/v2\/users\/4"}],"replies":[{"embeddable":true,"href":"https:\/\/hsmeraldo.clienti4.editatest.com\/fr\/wp-json\/wp\/v2\/comments?post=323"}],"version-history":[{"count":0,"href":"https:\/\/hsmeraldo.clienti4.editatest.com\/fr\/wp-json\/wp\/v2\/pages\/323\/revisions"}],"wp:attachment":[{"href":"https:\/\/hsmeraldo.clienti4.editatest.com\/fr\/wp-json\/wp\/v2\/media?parent=323"}],"curies":[{"name":"wp","href":"https:\/\/api.w.org\/{rel}","templated":true}]}}