{"id":329,"date":"2015-03-30T13:11:52","date_gmt":"2015-03-30T11:11:52","guid":{"rendered":"https:\/\/hsmeraldo.clienti4.editatest.com\/family-hotel-cesenatico-2\/"},"modified":"2021-02-10T16:17:47","modified_gmt":"2021-02-10T15:17:47","slug":"family-hotel-cesenatico","status":"publish","type":"page","link":"https:\/\/hsmeraldo.clienti4.editatest.com\/fr\/family-hotel-cesenatico\/","title":{"rendered":"Services pour Enfants"},"content":{"rendered":"<h2><strong>L&rsquo;H\u00f4tel Smeraldo<\/strong> est un Family h\u00f4tel qui s\u2019occupe tout particuli\u00e8rement des plus petits:<\/h2>\n<table class=\"listino\">\n<tbody>\n<tr>\n<td>\n<ul>\n<li>Menu sp\u00e9cial pour les enfants<\/li>\n<li>Chauffe-biberon<\/li>\n<li>Barri\u00e8re autour des lits<\/li>\n<li>Petite baignoire pour laver les enfants<\/li>\n<li>Petite lumi\u00e8re pour la nuit<\/li>\n<li>Si\u00e8ges pour v\u00e9los<\/li>\n<li>Si\u00e8ges adapt\u00e9s aux tout petits pour les repas au restaurant<\/li>\n<li>Assiettes, tasses, couverts et petits bavoirs<\/li>\n<\/ul>\n<\/td>\n<td>\n<ul>\n<li>Kitchenette pour les mamans disponible 24 h sur 24.<\/li>\n<li>Bain avec table \u00e0 langer<\/li>\n<li>Aire de jeux pour les enfants sur la plage,<br \/>\n\u00e0 la piscine et \u00e0 l&rsquo;h\u00f4tel<\/li>\n<li>Animation et baby-club pour les enfants<br \/>\nle matin, le midi et le soir<\/li>\n<\/ul>\n<\/td>\n<td>\n<ul>\n<li>F\u00eates d&rsquo;enfants avec maquillage, ballons<br \/>\naux diverses formes, baby-dance et autre&#8230;.<\/li>\n<li>Go\u00fbter l&rsquo;apr\u00e8s-midi dans la piscine<\/li>\n<li>Salle pour les poussettes<\/li>\n<li>Horaires de Restaurant flexibles:<br \/>\nde 7h30 \u00e0 9h30 \/ 12h00 \u00e0 13h30 \/ 19h00 \u00e0 20h30<\/li>\n<li>R\u00e9duction pour la toilette<\/li>\n<li>Service de p\u00e9diatrie \u00e0 domicile (payant)<\/li>\n<li>Service de baby-sitting (payant)<\/li>\n<\/ul>\n<\/td>\n<\/tr>\n<\/tbody>\n<\/table>\n<h3>Comment sont organis\u00e9s les repas \u00e0 l\u2019h\u00f4tel pour vos petits bouts de choux?<\/h3>\n<p>Nos Chefs pr\u00e9parent tous les jours les soupes et les pur\u00e9es de l\u00e9gumes sans sel (avec carottes, pommes de terre et courgettes fra\u00eeches) , auxquelles on va \u00e0 ajouter des p\u00e2tes adapt\u00e9 aux plus petits.<br \/>\nDu fromage parmesan et de l\u2019huile d\u2019olive sont toujours \u00e0 votre disposition au buffet, alors que pour ajouter les ingr\u00e9dients lyophilis\u00e9s, les pots viande ou poisson et le fromage pour enfants\u2026. vous n\u2019aurez qu\u2019\u00e0 nous les fournir, les achetant \u00e9ventuellement \u00e0 Cesenatico, lors de votre arriv\u00e9e.<br \/>\nLes bouillons seront servies par nos chefs, directement au buffet du Front Cooking , pendant l\u2019horaire d\u2019ouverture du restaurant.<\/p>\n<h3>Et si l\u2019enfant a des habitudes diff\u00e9rentes?<\/h3>\n<p>A disposition de toutes les mamans il y a un petit coin cuisine, au bar de l\u2019h\u00f4tel, o\u00f9 elle pourrait preparer le repas sois meme, en nous demandant la pur\u00e9e de l\u00e9gumes ou le bouillons.<br \/>\nCe sera elle qui ajoutera les ingr\u00e9dients (lyophilis\u00e9s, les pots viande ou les farines , petites pates etc),\u00a0 achet\u00e9s en avance ..Voil\u00e0 l\u2019avantage : aucune limite horaire et acc\u00e8s au coin cusine 24h sur 24, comme chez vous !<br \/>\nPour les enfants un peu plus grands qui ne d\u00e9sirent qu\u2019un bon plat de p\u00e2tes avec ou sans sauce tomate, ou encore un simple steak grill\u00e9, aucun probl\u00e8me\u2026 nos chefs le pr\u00e9pareront \u00e0 la minute!<br \/>\nAu restaurant, pour s\u2019asseoir les b\u00e9b\u00e9s pourront utiliser nos CHAISES HAUTES.. S\u2019il vous faut un chauffe-biberon, vous pouvez vous adresser \u00e0 la reception.<\/p>\n<h3>Faut-il apporter le lit b\u00e9b\u00e9?<\/h3>\n<p>Absolument pas ! Un lit b\u00e9b\u00e9 avec barri\u00e8res sera \u00e0 votre disposition dans la chambre, toutcomme la VEILLEUSE, si vous le souhaitez. En outre, vu que nos salles de bain disposent toutes de douche et que certains enfants ne l\u2019aiment pas, vous pourrez aussi disposer d\u2019une BAIGNOIRE b\u00e9b\u00e9.<br \/>\nVous pouvez vous adresser directement \u00e0 la femme des chambres ou bien \u00e0 la r\u00e9ception.<\/p>\n<h3>Y aurait-il un P\u00e9diatre ou un service des urgences tout pr\u00e8s?<\/h3>\n<p>Nous experons que vous n\u2019en ayez pas besoin, mais avec les enfants ,on sait jamais et, dans ce cas, il est possible de consulter un p\u00e9diatre.<\/p>\n<p>En plus \u00e0 quelques kilometre il y \u00e0 un H\u00f4pital, avec un excellent d\u00e9partement de P\u00e9diatrie.<\/p>\n<p>De toute fa\u00e7on, n\u2019h\u00e9sitez pas \u00e0 vous adresser \u00e0 la r\u00e9ception (personnel disponible 24h sur 24h) qui se fera un plaisir de vous \u00eatre utile.<\/p>\n<h3>Organise-t-on des activit\u00e9s pour l\u2019amusement des enfants?<\/h3>\n<p>Toutes les semaines, sur la v\u00e9randa, l\u2019 \u00e9quipe d\u2019animation organise une f\u00eate sp\u00e9cialement con\u00e7ue pour les enfants . Ils vont \u00eatre maquill\u00e9s, ils vont faire des jeux vari\u00e9s, des danses et beaucoup d\u2019autres surprises que les animateurs vont r\u00e9server \u00e0 nos petits h\u00f4tes.<br \/>\nTous les jours nos animateurs organisent des activit\u00e9s vari\u00e9es pour les enfants , tels que danses , tournois, dessins etc. En plus, soit \u00e0 l\u2019h\u00f4tel soit \u00e0 la piscine , il y a des coins \u00e9quip\u00e9s avec des jeux pour les plus petits.<\/p>\n","protected":false},"excerpt":{"rendered":"<p>L&rsquo;H\u00f4tel Smeraldo est un Family h\u00f4tel qui s\u2019occupe tout particuli\u00e8rement des plus petits: Menu sp\u00e9cial pour les enfants Chauffe-biberon Barri\u00e8re autour des lits Petite baignoire pour laver les enfants Petite lumi\u00e8re pour la nuit Si\u00e8ges pour v\u00e9los Si\u00e8ges adapt\u00e9s aux tout petits pour les repas au restaurant Assiettes, tasses, couverts et petits bavoirs Kitchenette pour [&hellip;]<\/p>\n","protected":false},"author":4,"featured_media":0,"parent":0,"menu_order":0,"comment_status":"closed","ping_status":"closed","template":"","meta":[],"acf":[],"_links":{"self":[{"href":"https:\/\/hsmeraldo.clienti4.editatest.com\/fr\/wp-json\/wp\/v2\/pages\/329"}],"collection":[{"href":"https:\/\/hsmeraldo.clienti4.editatest.com\/fr\/wp-json\/wp\/v2\/pages"}],"about":[{"href":"https:\/\/hsmeraldo.clienti4.editatest.com\/fr\/wp-json\/wp\/v2\/types\/page"}],"author":[{"embeddable":true,"href":"https:\/\/hsmeraldo.clienti4.editatest.com\/fr\/wp-json\/wp\/v2\/users\/4"}],"replies":[{"embeddable":true,"href":"https:\/\/hsmeraldo.clienti4.editatest.com\/fr\/wp-json\/wp\/v2\/comments?post=329"}],"version-history":[{"count":0,"href":"https:\/\/hsmeraldo.clienti4.editatest.com\/fr\/wp-json\/wp\/v2\/pages\/329\/revisions"}],"wp:attachment":[{"href":"https:\/\/hsmeraldo.clienti4.editatest.com\/fr\/wp-json\/wp\/v2\/media?parent=329"}],"curies":[{"name":"wp","href":"https:\/\/api.w.org\/{rel}","templated":true}]}}